{"id":1483,"date":"2026-01-20T12:11:11","date_gmt":"2026-01-20T12:11:11","guid":{"rendered":"https:\/\/bonuskongcasino.com\/login-and-registration\/"},"modified":"2026-02-25T10:57:15","modified_gmt":"2026-02-25T10:57:15","slug":"anmeldung-und-registrierung","status":"publish","type":"page","link":"https:\/\/rollambia-online.com\/de\/anmeldung-und-registrierung\/","title":{"rendered":"Anmeldung und Registrierung"},"content":{"rendered":"<h1>Rollambia-Anmeldung: Schnelle Registrierung und Kontoverwaltung<\/h1>\n<p>Um alle Funktionen auf der Rollambia-Website oder in der App nutzen zu k\u00f6nnen, ben\u00f6tigen Sie ein Konto. Die Plattform ist f\u00fcr Erwachsene (18+) bestimmt, und Rollambia erlaubt ein Konto pro Person. Sobald Sie sich angemeldet haben, k\u00f6nnen Sie auf den gesamten Spielekatalog, Zahlungen, Werbeaktionen und den Kundensupport zugreifen, der rund um die Uhr verf\u00fcgbar ist.<\/p>\n<p><div class=\"banner-wrap\" aria-label=\"Banner\"><img src=\"https:\/\/rollambia-online.com\/wp-content\/uploads\/2026\/02\/rollambia-bnr-pc.webp\" class=\"w-100 d-none d-lg-block img-pc main-banner-img\" alt=\"rollambia-bnr-pc\" fetchpriority=\"high\" decoding=\"async\"><img src=\"https:\/\/rollambia-online.com\/wp-content\/uploads\/2026\/02\/rollambia-bnr-mob.webp\" class=\"w-100 d-none d-md-block d-lg-none main-banner-img\" alt=\"rollambia-bnr-mob\" fetchpriority=\"high\" decoding=\"async\"><img src=\"https:\/\/rollambia-online.com\/wp-content\/uploads\/2026\/02\/rollambia-bnr-mob.webp\" class=\"w-100 d-md-none\" alt=\"rollambia-bnr-mob\" fetchpriority=\"high\" decoding=\"async\"><div class=\"banner-description\">\n<div class=\"banner-title\">Willkommensboni<\/div>\n<p class=\"banner-header-title\">1500 \u20ac<\/p>\n<div class=\"banner-header-AdditionalText\">+ 250 Freispiele<\/div>\n<button data-item=\"homepage_banner_link\" class=\"goto m-button m-gradient-border m-button--primary m-button--large banner-button btn-orange\">\n            <div class=\"m-button-content\">\n                <span>Jetzt anmelden<\/span>\n                <span><\/span>\n            <\/div>\n        <\/button>\n<\/div>\n<div class=\"WelcomePack\">\n<p><img loading=\"lazy\" decoding=\"async\" class=\"alignnone size-full wp-image-1918\" src=\"https:\/\/rollambia-online.com\/wp-content\/uploads\/2026\/02\/welcome-crown.png\" alt=\"welcome-crown\" width=\"25\" height=\"26\" \/><\/p>\n<div class=\"WelcomePack-Info\">W\u00f6chentlicher Cashback von bis zu 25 %<\/div>\n<p><img loading=\"lazy\" decoding=\"async\" class=\"alignnone size-full wp-image-1918\" src=\"https:\/\/rollambia-online.com\/wp-content\/uploads\/2026\/02\/welcome-crown.png\" alt=\"welcome-crown\" width=\"25\" height=\"26\" \/><\/p>\n<\/div>\n<\/div><div class=\"scrollable-content-wrap my-5\"><div class=\"scrollable-content-inner\"><h2>Spielerregistrierung auf Rollambia<\/h2>\n<p>Rollambia h\u00e4lt die Registrierung relativ einfach und fragt nur die grundlegenden Daten ab. Die meisten Nutzer sind in wenigen Minuten fertig. Danach k\u00f6nnen Sie das gesamte Angebot erkunden: \u00fcber 6.000 Spiele (Slots, Tischspiele, Live-Dealer-Titel, Crash-\/Instant-Spiele und mehr) sowie Ein- und Auszahlungsoptionen wie Bankkarten, E-Wallets, Bank\u00fcberweisungen und Kryptow\u00e4hrungen.<\/p>\n<p>Ihr Kontobereich bietet Ihnen auch praktische Tools f\u00fcr die t\u00e4gliche Verwaltung.<\/p>\n<table>\n<tbody>\n<tr>\n<td>Funktion<\/td>\n<td>Details<\/td>\n<\/tr>\n<tr>\n<td>Pers\u00f6nliche Daten und Zahlungsdetails bearbeiten<\/td>\n<td>Aktualisieren Sie Ihre Profilinformationen und passen Sie bei Bedarf die Zahlungseinstellungen an.<\/td>\n<\/tr>\n<tr>\n<td>Aktivit\u00e4tsverlauf anzeigen<\/td>\n<td>\u00dcberpr\u00fcfen Sie Ihren Spielverlauf, Ihre Bonussuche und Ihre Ein- und Auszahlungsdaten.<\/td>\n<\/tr>\n<tr>\n<td>Verwenden Sie Kontrollen f\u00fcr verantwortungsbewusstes Spielen<\/td>\n<td>Legen Sie Zeit- und Ausgabenlimits fest und aktivieren Sie die Selbstsperre, wenn Sie eine Pause einlegen m\u00f6chten.<\/td>\n<\/tr>\n<tr>\n<td>Zahlungen verwalten<\/td>\n<td>T\u00e4tigen Sie Einzahlungen oder beantragen Sie Auszahlungen im Kassenbereich.<\/td>\n<\/tr>\n<tr>\n<td>Vollst\u00e4ndige \u00dcberpr\u00fcfung<\/td>\n<td>Die Plattform kann Sie bitten, Ihre Identit\u00e4t vor Ihrer ersten Auszahlung zu best\u00e4tigen.<\/td>\n<\/tr>\n<\/tbody>\n<\/table>\n<h3>Erstellen Sie Ihr Konto<\/h3>\n<p>Rollambia hat den Anmeldeprozess so gestaltet, dass er auch f\u00fcr Neulinge im Bereich Online-Casinos leicht verst\u00e4ndlich ist.<\/p>\n<ol>\n<li>Klicken Sie auf der Startseite auf Anmelden.<\/li>\n<li>Geben Sie Ihre E-Mail-Adresse ein und erstellen Sie ein Passwort. Wenn Sie einen Aktionscode haben, f\u00fcgen Sie ihn in diesem Schritt hinzu.<\/li>\n<li>Best\u00e4tigen Sie, dass Sie 18+ sind und den Plattformregeln zustimmen.<\/li>\n<li>Klicken Sie auf Anmelden, um das Formular zu senden.<\/li>\n<li>Geben Sie Ihre grundlegenden pers\u00f6nlichen Daten ein.<\/li>\n<li>Speichern Sie die Informationen, um die Erstellung des Kontos abzuschlie\u00dfen.<\/li>\n<\/ol>\n<p>Danach ist Ihr Rollambia-Profil fertig. Sie k\u00f6nnen eine erste Einzahlung vornehmen und vom Demo-Spiel zum Echtgeld-Spiel wechseln.<\/p>\n<h2>Anmelden und Einrichten Ihres Kontos<\/h2>\n<p>Wenn Sie bereits ein Rollambia-Profil haben, geht die Anmeldung schnell und unkompliziert. Sie k\u00f6nnen sich \u00fcber einen Desktop-Browser, einen mobilen Browser oder die Rollambia-App anmelden \u2013 die Schritte sind immer dieselben.<\/p>\n<p>So melden Sie sich an:<\/p>\n<ol>\n<li>\u00d6ffnen Sie die Rollambia-Homepage und klicken Sie auf Anmelden.<\/li>\n<li>Geben Sie die E-Mail-Adresse und das Passwort ein, die Sie bei der Registrierung verwendet haben.<\/li>\n<li>Klicken Sie auf Anmelden, um auf Ihr Konto zuzugreifen.<\/li>\n<\/ol>\n<p>Sobald Sie angemeldet sind, k\u00f6nnen Sie sofort die wichtigsten Funktionen Ihres Kontos nutzen: Durchsuchen Sie die gesamte Spielbibliothek, \u00f6ffnen Sie die Kasse, um Ein- und Auszahlungen zu verwalten, \u00fcberpr\u00fcfen Sie aktive Werbeaktionen und sehen Sie sich Ihren Kontoverlauf an.<\/p>\n<h3>Passwort vergessen?<\/h3>\n<p>Wenn Sie sich nicht an Ihr Passwort erinnern k\u00f6nnen, k\u00f6nnen Sie es direkt auf der Anmeldeseite zur\u00fccksetzen:<\/p>\n<ol>\n<li>\u00d6ffnen Sie das Anmeldeformular und w\u00e4hlen Sie Passwort vergessen?<\/li>\n<li>Geben Sie die mit Ihrem Rollambia-Konto verkn\u00fcpfte E-Mail-Adresse ein.<\/li>\n<li>\u00dcberpr\u00fcfen Sie Ihren Posteingang auf einen Link zum Zur\u00fccksetzen und erstellen Sie ein neues Passwort.<\/li>\n<\/ol>\n<p>Dann k\u00f6nnen Sie sich mit den aktualisierten Anmeldedaten erneut anmelden.<\/p>\n<h3>Kontosicherheit und -\u00fcberpr\u00fcfung<\/h3>\n<p>Um Betrug zu reduzieren und Spieler zu sch\u00fctzen, kann Rollambia vor Ihrer ersten Auszahlung eine Verifizierung verlangen. Die Plattform kann Dokumente anfordern, die Folgendes best\u00e4tigen:<\/p>\n<ul>\n<li>Identit\u00e4t (Reisepass, Personalausweis oder F\u00fchrerschein)<\/li>\n<li>Adresse (eine aktuelle Stromrechnung oder ein Kontoauszug, in der Regel aus den letzten 3 Monaten)<\/li>\n<li>Zahlungsmethode Eigentumsnachweis (Nachweis, dass die Karte, das Bankkonto, das E-Wallet oder das Krypto-Wallet Ihnen geh\u00f6rt)<\/li>\n<\/ul>\n<p>Die \u00dcberpr\u00fcfung dauert in der Regel bis zu 48 Stunden. In den meisten F\u00e4llen m\u00fcssen Sie diesen Schritt nur einmal durchf\u00fchren.<\/p>\n<h2>FAQ<\/h2>\n<h3>Wie schlie\u00dfe ich die Verifizierung ab?<\/h3>\n<p>Rollambia kann vor Ihrer ersten Auszahlung Identit\u00e4tsdokumente anfordern. Nachdem Sie diese hochgeladen haben, pr\u00fcft das Team die Dateien und antwortet innerhalb von maximal 48 Stunden.<\/p>\n<h3>Wie kann ich mein Passwort oder meine E-Mail-Adresse \u00e4ndern?<\/h3>\n<p>Sie k\u00f6nnen Ihre pers\u00f6nlichen Daten und Zahlungsinformationen in den Kontoeinstellungen aktualisieren. Wenn Sie Ihr Passwort vergessen haben, verwenden Sie die Option zum Zur\u00fccksetzen auf der Anmeldeseite.<\/p>\n<h3>Was soll ich tun, wenn mein Konto gesperrt ist?<\/h3>\n<p>Wenn Sie keine E-Mail mit einer Erkl\u00e4rung erhalten haben, wenden Sie sich bitte per Live-Chat oder E-Mail an den Rollambia-Support. Der Support ist rund um die Uhr erreichbar und kann Ihnen Auskunft dar\u00fcber geben, was passiert ist.<\/p>\n<h3>Wie kann ich mein Konto schlie\u00dfen oder vor\u00fcbergehend sperren?<\/h3>\n<p>Wenden Sie sich an den Rollambia-Support und beantragen Sie eine vor\u00fcbergehende Sperrung oder Schlie\u00dfung. Das Team kann die Einschr\u00e4nkung vornehmen und Ihnen erkl\u00e4ren, wie die Reaktivierung funktioniert.<\/p>\n<p><img loading=\"lazy\" decoding=\"async\" class=\"alignnone size-large wp-image-2040\" src=\"https:\/\/rollambia-online.com\/wp-content\/uploads\/2026\/02\/Rollambia-login-1024x440.webp\" alt=\"Rollambia login\" width=\"1248\" height=\"536\" srcset=\"https:\/\/rollambia-online.com\/wp-content\/uploads\/2026\/02\/Rollambia-login-1024x440.webp 1024w, https:\/\/rollambia-online.com\/wp-content\/uploads\/2026\/02\/Rollambia-login-300x129.webp 300w, https:\/\/rollambia-online.com\/wp-content\/uploads\/2026\/02\/Rollambia-login-768x330.webp 768w, https:\/\/rollambia-online.com\/wp-content\/uploads\/2026\/02\/Rollambia-login.webp 1248w\" sizes=\"auto, (max-width: 1248px) 100vw, 1248px\" \/><\/p>\n<\/div><\/div><\/p>\n","protected":false},"excerpt":{"rendered":"<p>Rollambia-Anmeldung: Schnelle Registrierung und Kontoverwaltung Um alle Funktionen auf der Rollambia-Website oder in der App nutzen zu k\u00f6nnen, ben\u00f6tigen Sie ein Konto. Die Plattform ist f\u00fcr Erwachsene (18+) bestimmt, und Rollambia erlaubt ein Konto pro Person. Sobald Sie sich angemeldet haben, k\u00f6nnen Sie auf den gesamten Spielekatalog, Zahlungen, Werbeaktionen und den Kundensupport zugreifen, der rund [&hellip;]<\/p>\n","protected":false},"author":1,"featured_media":0,"parent":0,"menu_order":0,"comment_status":"closed","ping_status":"closed","template":"template-builder.php","meta":{"_acf_changed":false,"inline_featured_image":false,"footnotes":""},"class_list":["post-1483","page","type-page","status-publish","hentry"],"acf":[],"yoast_head":"<!-- This site is optimized with the Yoast SEO plugin v27.3 - https:\/\/yoast.com\/product\/yoast-seo-wordpress\/ -->\n<title>Rollambia-Login \u2013 Registrieren und Konto verwalten<\/title>\n<meta name=\"description\" content=\"Erstellen, verwalten und \u00fcberpr\u00fcfen Sie Ihr Rollambia Casino-Konto ganz einfach mit schneller Registrierung, nahtloser Kontowiederherstellung und sicherer Kontoschlie\u00dfung, wobei Rollambia Login rund um die Uhr f\u00fcr Schutz sorgt.\" \/>\n<meta name=\"robots\" content=\"index, follow, max-snippet:-1, max-image-preview:large, max-video-preview:-1\" \/>\n<link rel=\"canonical\" href=\"https:\/\/rollambia-online.com\/de\/anmeldung-und-registrierung\/\" \/>\n<meta property=\"og:locale\" content=\"de_DE\" \/>\n<meta property=\"og:type\" content=\"article\" \/>\n<meta property=\"og:title\" content=\"Rollambia-Login \u2013 Registrieren und Konto verwalten\" \/>\n<meta property=\"og:description\" content=\"Erstellen, verwalten und \u00fcberpr\u00fcfen Sie Ihr Rollambia Casino-Konto ganz einfach mit schneller Registrierung, nahtloser Kontowiederherstellung und sicherer Kontoschlie\u00dfung, wobei Rollambia Login rund um die Uhr f\u00fcr Schutz sorgt.\" \/>\n<meta property=\"og:url\" content=\"https:\/\/rollambia-online.com\/de\/anmeldung-und-registrierung\/\" \/>\n<meta property=\"og:site_name\" content=\"rollambia\" \/>\n<meta property=\"article:modified_time\" content=\"2026-02-25T10:57:15+00:00\" \/>\n<meta name=\"twitter:card\" content=\"summary_large_image\" \/>\n<meta name=\"twitter:label1\" content=\"Gesch\u00e4tzte Lesezeit\" \/>\n\t<meta name=\"twitter:data1\" content=\"1\u00a0Minute\" \/>\n<script type=\"application\/ld+json\" class=\"yoast-schema-graph\">{\"@context\":\"https:\\\/\\\/schema.org\",\"@graph\":[{\"@type\":\"WebPage\",\"@id\":\"https:\\\/\\\/rollambia-online.com\\\/de\\\/anmeldung-und-registrierung\\\/\",\"url\":\"https:\\\/\\\/rollambia-online.com\\\/de\\\/anmeldung-und-registrierung\\\/\",\"name\":\"Rollambia-Login \u2013 Registrieren und Konto verwalten\",\"isPartOf\":{\"@id\":\"https:\\\/\\\/rollambia-online.com\\\/de\\\/#website\"},\"datePublished\":\"2026-01-20T12:11:11+00:00\",\"dateModified\":\"2026-02-25T10:57:15+00:00\",\"description\":\"Erstellen, verwalten und \u00fcberpr\u00fcfen Sie Ihr Rollambia Casino-Konto ganz einfach mit schneller Registrierung, nahtloser Kontowiederherstellung und sicherer Kontoschlie\u00dfung, wobei Rollambia Login rund um die Uhr f\u00fcr Schutz sorgt.\",\"breadcrumb\":{\"@id\":\"https:\\\/\\\/rollambia-online.com\\\/de\\\/anmeldung-und-registrierung\\\/#breadcrumb\"},\"inLanguage\":\"de\",\"potentialAction\":[{\"@type\":\"ReadAction\",\"target\":[\"https:\\\/\\\/rollambia-online.com\\\/de\\\/anmeldung-und-registrierung\\\/\"]}]},{\"@type\":\"BreadcrumbList\",\"@id\":\"https:\\\/\\\/rollambia-online.com\\\/de\\\/anmeldung-und-registrierung\\\/#breadcrumb\",\"itemListElement\":[{\"@type\":\"ListItem\",\"position\":1,\"name\":\"Rollambia\",\"item\":\"https:\\\/\\\/rollambia-online.com\\\/de\\\/\"},{\"@type\":\"ListItem\",\"position\":2,\"name\":\"Anmeldung und Registrierung\"}]},{\"@type\":\"WebSite\",\"@id\":\"https:\\\/\\\/rollambia-online.com\\\/de\\\/#website\",\"url\":\"https:\\\/\\\/rollambia-online.com\\\/de\\\/\",\"name\":\"Rollambia\",\"description\":\"\",\"publisher\":{\"@id\":\"https:\\\/\\\/rollambia-online.com\\\/de\\\/#organization\"},\"potentialAction\":[{\"@type\":\"SearchAction\",\"target\":{\"@type\":\"EntryPoint\",\"urlTemplate\":\"https:\\\/\\\/rollambia-online.com\\\/de\\\/?s={search_term_string}\"},\"query-input\":{\"@type\":\"PropertyValueSpecification\",\"valueRequired\":true,\"valueName\":\"search_term_string\"}}],\"inLanguage\":\"de\"},{\"@type\":\"Organization\",\"@id\":\"https:\\\/\\\/rollambia-online.com\\\/de\\\/#organization\",\"name\":\"Rollambia\",\"url\":\"https:\\\/\\\/rollambia-online.com\\\/de\\\/\",\"logo\":{\"@type\":\"ImageObject\",\"inLanguage\":\"de\",\"@id\":\"https:\\\/\\\/rollambia-online.com\\\/de\\\/#\\\/schema\\\/logo\\\/image\\\/\",\"url\":\"https:\\\/\\\/rollambia-online.com\\\/wp-content\\\/uploads\\\/2026\\\/02\\\/cropped-logo-e1771933026442.png\",\"contentUrl\":\"https:\\\/\\\/rollambia-online.com\\\/wp-content\\\/uploads\\\/2026\\\/02\\\/cropped-logo-e1771933026442.png\",\"width\":209,\"height\":43,\"caption\":\"Rollambia\"},\"image\":{\"@id\":\"https:\\\/\\\/rollambia-online.com\\\/de\\\/#\\\/schema\\\/logo\\\/image\\\/\"}}]}<\/script>\n<!-- \/ Yoast SEO plugin. -->","yoast_head_json":{"title":"Rollambia-Login \u2013 Registrieren und Konto verwalten","description":"Erstellen, verwalten und \u00fcberpr\u00fcfen Sie Ihr Rollambia Casino-Konto ganz einfach mit schneller Registrierung, nahtloser Kontowiederherstellung und sicherer Kontoschlie\u00dfung, wobei Rollambia Login rund um die Uhr f\u00fcr Schutz sorgt.","robots":{"index":"index","follow":"follow","max-snippet":"max-snippet:-1","max-image-preview":"max-image-preview:large","max-video-preview":"max-video-preview:-1"},"canonical":"https:\/\/rollambia-online.com\/de\/anmeldung-und-registrierung\/","og_locale":"de_DE","og_type":"article","og_title":"Rollambia-Login \u2013 Registrieren und Konto verwalten","og_description":"Erstellen, verwalten und \u00fcberpr\u00fcfen Sie Ihr Rollambia Casino-Konto ganz einfach mit schneller Registrierung, nahtloser Kontowiederherstellung und sicherer Kontoschlie\u00dfung, wobei Rollambia Login rund um die Uhr f\u00fcr Schutz sorgt.","og_url":"https:\/\/rollambia-online.com\/de\/anmeldung-und-registrierung\/","og_site_name":"rollambia","article_modified_time":"2026-02-25T10:57:15+00:00","twitter_card":"summary_large_image","twitter_misc":{"Gesch\u00e4tzte Lesezeit":"1\u00a0Minute"},"schema":{"@context":"https:\/\/schema.org","@graph":[{"@type":"WebPage","@id":"https:\/\/rollambia-online.com\/de\/anmeldung-und-registrierung\/","url":"https:\/\/rollambia-online.com\/de\/anmeldung-und-registrierung\/","name":"Rollambia-Login \u2013 Registrieren und Konto verwalten","isPartOf":{"@id":"https:\/\/rollambia-online.com\/de\/#website"},"datePublished":"2026-01-20T12:11:11+00:00","dateModified":"2026-02-25T10:57:15+00:00","description":"Erstellen, verwalten und \u00fcberpr\u00fcfen Sie Ihr Rollambia Casino-Konto ganz einfach mit schneller Registrierung, nahtloser Kontowiederherstellung und sicherer Kontoschlie\u00dfung, wobei Rollambia Login rund um die Uhr f\u00fcr Schutz sorgt.","breadcrumb":{"@id":"https:\/\/rollambia-online.com\/de\/anmeldung-und-registrierung\/#breadcrumb"},"inLanguage":"de","potentialAction":[{"@type":"ReadAction","target":["https:\/\/rollambia-online.com\/de\/anmeldung-und-registrierung\/"]}]},{"@type":"BreadcrumbList","@id":"https:\/\/rollambia-online.com\/de\/anmeldung-und-registrierung\/#breadcrumb","itemListElement":[{"@type":"ListItem","position":1,"name":"Rollambia","item":"https:\/\/rollambia-online.com\/de\/"},{"@type":"ListItem","position":2,"name":"Anmeldung und Registrierung"}]},{"@type":"WebSite","@id":"https:\/\/rollambia-online.com\/de\/#website","url":"https:\/\/rollambia-online.com\/de\/","name":"Rollambia","description":"","publisher":{"@id":"https:\/\/rollambia-online.com\/de\/#organization"},"potentialAction":[{"@type":"SearchAction","target":{"@type":"EntryPoint","urlTemplate":"https:\/\/rollambia-online.com\/de\/?s={search_term_string}"},"query-input":{"@type":"PropertyValueSpecification","valueRequired":true,"valueName":"search_term_string"}}],"inLanguage":"de"},{"@type":"Organization","@id":"https:\/\/rollambia-online.com\/de\/#organization","name":"Rollambia","url":"https:\/\/rollambia-online.com\/de\/","logo":{"@type":"ImageObject","inLanguage":"de","@id":"https:\/\/rollambia-online.com\/de\/#\/schema\/logo\/image\/","url":"https:\/\/rollambia-online.com\/wp-content\/uploads\/2026\/02\/cropped-logo-e1771933026442.png","contentUrl":"https:\/\/rollambia-online.com\/wp-content\/uploads\/2026\/02\/cropped-logo-e1771933026442.png","width":209,"height":43,"caption":"Rollambia"},"image":{"@id":"https:\/\/rollambia-online.com\/de\/#\/schema\/logo\/image\/"}}]}},"_links":{"self":[{"href":"https:\/\/rollambia-online.com\/de\/wp-json\/wp\/v2\/pages\/1483","targetHints":{"allow":["GET"]}}],"collection":[{"href":"https:\/\/rollambia-online.com\/de\/wp-json\/wp\/v2\/pages"}],"about":[{"href":"https:\/\/rollambia-online.com\/de\/wp-json\/wp\/v2\/types\/page"}],"author":[{"embeddable":true,"href":"https:\/\/rollambia-online.com\/de\/wp-json\/wp\/v2\/users\/1"}],"replies":[{"embeddable":true,"href":"https:\/\/rollambia-online.com\/de\/wp-json\/wp\/v2\/comments?post=1483"}],"version-history":[{"count":4,"href":"https:\/\/rollambia-online.com\/de\/wp-json\/wp\/v2\/pages\/1483\/revisions"}],"predecessor-version":[{"id":2171,"href":"https:\/\/rollambia-online.com\/de\/wp-json\/wp\/v2\/pages\/1483\/revisions\/2171"}],"wp:attachment":[{"href":"https:\/\/rollambia-online.com\/de\/wp-json\/wp\/v2\/media?parent=1483"}],"curies":[{"name":"wp","href":"https:\/\/api.w.org\/{rel}","templated":true}]}}