{"id":1449,"date":"2026-01-20T12:08:23","date_gmt":"2026-01-20T12:08:23","guid":{"rendered":"https:\/\/bonuskongcasino.com\/app-2\/"},"modified":"2026-02-25T11:09:30","modified_gmt":"2026-02-25T11:09:30","slug":"aplicacion","status":"publish","type":"page","link":"https:\/\/rollambia-online.com\/es\/aplicacion\/","title":{"rendered":"Aplicaci\u00f3n"},"content":{"rendered":"<h1>Aplicaci\u00f3n Rollambia Gaming<\/h1>\n<p>Rollambia ofrece una aplicaci\u00f3n m\u00f3vil para Android e iOS porque muchos jugadores prefieren tenerlo todo en su tel\u00e9fono. La idea es sencilla: acceso r\u00e1pido, las mismas funciones b\u00e1sicas que en el ordenador y una interfaz que se adapta a una pantalla m\u00e1s peque\u00f1a. La biblioteca de juegos se adapta a los dispositivos modernos, por lo que no tendr\u00e1s que lidiar con escalados inc\u00f3modos o botones dif\u00edciles de pulsar.<\/p>\n<div class=\"banner-wrap\" aria-label=\"Banner\"><img src=\"https:\/\/rollambia-online.com\/wp-content\/uploads\/2026\/02\/rollambia-bnr-pc.webp\" class=\"w-100 d-none d-lg-block img-pc main-banner-img\" alt=\"rollambia-bnr-pc\" fetchpriority=\"high\" decoding=\"async\"><img src=\"https:\/\/rollambia-online.com\/wp-content\/uploads\/2026\/02\/rollambia-bnr-mob.webp\" class=\"w-100 d-none d-md-block d-lg-none main-banner-img\" alt=\"rollambia-bnr-mob\" fetchpriority=\"high\" decoding=\"async\"><img src=\"https:\/\/rollambia-online.com\/wp-content\/uploads\/2026\/02\/rollambia-bnr-mob.webp\" class=\"w-100 d-md-none\" alt=\"rollambia-bnr-mob\" fetchpriority=\"high\" decoding=\"async\"><div class=\"banner-description\">\n<div class=\"banner-title\">Bonos de bienvenida<\/div>\n<p class=\"banner-header-title\">1500 \u20ac<\/p>\n<div class=\"banner-header-AdditionalText\">+ 250 Tiradas gratis<\/div>\n<button data-item=\"homepage_banner_link\" class=\"goto m-button m-gradient-border m-button--primary m-button--large banner-button btn-orange\">\n            <div class=\"m-button-content\">\n                <span>Reg\u00edstrate ahora<\/span>\n                <span><\/span>\n            <\/div>\n        <\/button>\n<\/div>\n<div class=\"WelcomePack\">\n<p><img loading=\"lazy\" decoding=\"async\" class=\"alignnone size-full wp-image-1922\" src=\"https:\/\/rollambia-online.com\/wp-content\/uploads\/2026\/02\/welcome-crown.png\" alt=\"welcome-crown\" width=\"25\" height=\"26\" \/><\/p>\n<div class=\"WelcomePack-Info\">Reembolso semanal de hasta el 25 %<\/div>\n<p><img loading=\"lazy\" decoding=\"async\" class=\"alignnone size-full wp-image-1922\" src=\"https:\/\/rollambia-online.com\/wp-content\/uploads\/2026\/02\/welcome-crown.png\" alt=\"welcome-crown\" width=\"25\" height=\"26\" \/><\/p>\n<\/div>\n<\/div>\n<h2>Rollambia en tu bolsillo<\/h2>\n<p>Con la aplicaci\u00f3n Rollambia, puedes jugar sin estar atado a un ordenador. Por lo general, basta con un tel\u00e9fono y una conexi\u00f3n a Internet estable. La aplicaci\u00f3n te da acceso a m\u00e1s de 6000 juegos de diferentes categor\u00edas, y la mayor\u00eda de los t\u00edtulos funcionan perfectamente tanto en Android como en iOS.<\/p>\n<p>Tambi\u00e9n puedes gestionar las operaciones diarias de tu cuenta directamente desde el m\u00f3vil:<\/p>\n<ul>\n<li>Explora juegos y cambia r\u00e1pidamente entre categor\u00edas.<\/li>\n<li>utilizar la caja para realizar ingresos y reintegros,<\/li>\n<li>Consulte las promociones y torneos.<\/li>\n<li>gestionar la configuraci\u00f3n de tu cuenta.<\/li>\n<\/ul>\n<p>Tu actividad se sincroniza entre dispositivos. Si inicias sesi\u00f3n en la misma cuenta de Rollambia en el ordenador y en el m\u00f3vil, la plataforma mantiene tu perfil y tu progreso coherentes, por lo que puedes cambiar de dispositivo sin tener que empezar desde cero.<\/p>\n<p>Si algo no funciona como se espera, el servicio de asistencia permanece disponible 24\/7. Puede ponerse en contacto con el equipo desde la aplicaci\u00f3n a trav\u00e9s del chat en vivo o por correo electr\u00f3nico.<\/p>\n<p><div class=\"scrollable-content-wrap my-5\"><div class=\"scrollable-content-inner\"><h2>Aplicaci\u00f3n Rollambia para iOS<\/h2>\n<p>Si utilizas un iPhone o un iPad, tambi\u00e9n puedes instalar Rollambia, pero el proceso es ligeramente diferente. Las normas de la App Store suelen limitar la distribuci\u00f3n directa de aplicaciones de casino, por lo que Rollambia ofrece acceso a trav\u00e9s de la versi\u00f3n PWA en su sitio web. La plataforma la prueba peri\u00f3dicamente para mantener su estabilidad en las actualizaciones de iOS.<\/p>\n<p>La versi\u00f3n para iOS cubre los mismos aspectos b\u00e1sicos que la versi\u00f3n para ordenador: juegos, promociones, torneos, pagos y acciones de la cuenta. Tambi\u00e9n puedes registrarte y completar los pasos de verificaci\u00f3n directamente desde tu m\u00f3vil cuando sea necesario.<\/p>\n<table>\n<tbody>\n<tr>\n<td>Paso<\/td>\n<td>Detalles<\/td>\n<\/tr>\n<tr>\n<td>Abre la aplicaci\u00f3n \u00abAcceso directo\u00bb.<\/td>\n<td>La aplicaci\u00f3n deber\u00eda instalarse autom\u00e1ticamente en tu dispositivo.<\/td>\n<\/tr>\n<tr>\n<td>Haga clic en el icono \u00ab+\u00bb para crear un nuevo acceso directo.<\/td>\n<td>El icono se encuentra en la esquina superior derecha de la p\u00e1gina de inicio.<\/td>\n<\/tr>\n<tr>\n<td>Pulsa \u00abA\u00f1adir acci\u00f3n\u00bb.<\/td>\n<td>Ahora, debe buscar el sitio web Rollambia para el que desea crear un acceso directo.<\/td>\n<\/tr>\n<tr>\n<td>Haga clic en el bot\u00f3n situado junto al nombre del acceso directo y seleccione \u00abA\u00f1adir a la pantalla de inicio\u00bb.<\/td>\n<td>El bot\u00f3n tiene forma de flecha hacia abajo.<\/td>\n<\/tr>\n<tr>\n<td>Pulsa \u00abA\u00f1adir\u00bb.<\/td>\n<td>Antes de hacerlo, puedes cambiar el nombre del icono si lo deseas.<\/td>\n<\/tr>\n<\/tbody>\n<\/table>\n<p><img loading=\"lazy\" decoding=\"async\" class=\"alignnone size-large wp-image-1948\" src=\"https:\/\/rollambia-online.com\/wp-content\/uploads\/2026\/02\/Rollambia-iOS-1024x440.webp\" alt=\"Rollambia iOS\" width=\"1248\" height=\"536\" srcset=\"https:\/\/rollambia-online.com\/wp-content\/uploads\/2026\/02\/Rollambia-iOS-1024x440.webp 1024w, https:\/\/rollambia-online.com\/wp-content\/uploads\/2026\/02\/Rollambia-iOS-300x129.webp 300w, https:\/\/rollambia-online.com\/wp-content\/uploads\/2026\/02\/Rollambia-iOS-768x330.webp 768w, https:\/\/rollambia-online.com\/wp-content\/uploads\/2026\/02\/Rollambia-iOS.webp 1248w\" sizes=\"auto, (max-width: 1248px) 100vw, 1248px\" \/><\/p>\n<\/div><\/div><div style=\"clear: both\"><\/div><div class=\"d-flex justify-content-center\"><button data-item=\"decouvrez_link\" data-group=\"website_links\" class=\"goto fw-bold rounded-pill btn btn-orange\" aria-label=\"Descarga la aplicaci\u00f3n Rollambia\" >Descarga la aplicaci\u00f3n Rollambia<\/button><\/div><div class=\"scrollable-content-wrap my-5\"><div class=\"scrollable-content-inner\"><h2>Aplicaci\u00f3n para Android del casino Spinsahara<\/h2>\n<p>Los usuarios de Android siempre pueden abrir Rollambia a trav\u00e9s de cualquier navegador m\u00f3vil, pero la opci\u00f3n de la aplicaci\u00f3n hace que el acceso sea m\u00e1s directo. Rollambia utiliza un enfoque de aplicaci\u00f3n web progresiva (PWA), lo que significa que se instala desde el sitio oficial sin tener que lidiar con archivos APK desconocidos o descargas adicionales de fuentes de terceros.<\/p>\n<p>La aplicaci\u00f3n para Android funciona en la mayor\u00eda de los dispositivos modernos y est\u00e1 dise\u00f1ada para controles t\u00e1ctiles. Puedes jugar, usar bonificaciones, participar en torneos y gestionar pagos desde la misma interfaz.<\/p>\n<table>\n<tbody>\n<tr>\n<td>Paso<\/td>\n<td>Detalles<\/td>\n<\/tr>\n<tr>\n<td>Visite nuestro sitio web oficial.<\/td>\n<td>Le recomendamos que descargue la aplicaci\u00f3n solo desde el sitio web oficial para evitar fraudes.<\/td>\n<\/tr>\n<tr>\n<td>Haga clic en el bot\u00f3n \u00abAplicaci\u00f3n del casino\u00bb en el pie de p\u00e1gina.<\/td>\n<td>Se encuentra al final de la p\u00e1gina de inicio. La instalaci\u00f3n se iniciar\u00e1 autom\u00e1ticamente y no tardar\u00e1 m\u00e1s de unos minutos.<\/td>\n<\/tr>\n<tr>\n<td>El icono Rollambia Casino se encuentra en la pantalla de inicio.<\/td>\n<td>Ahora puedes iniciar sesi\u00f3n o crear una nueva cuenta y empezar a disfrutar del juego.<\/td>\n<\/tr>\n<\/tbody>\n<\/table>\n<p><img loading=\"lazy\" decoding=\"async\" class=\"alignnone size-large wp-image-1956\" src=\"https:\/\/rollambia-online.com\/wp-content\/uploads\/2026\/02\/Rollambia-Android-1024x440.webp\" alt=\"Rollambia Android\" width=\"1248\" height=\"536\" srcset=\"https:\/\/rollambia-online.com\/wp-content\/uploads\/2026\/02\/Rollambia-Android-1024x440.webp 1024w, https:\/\/rollambia-online.com\/wp-content\/uploads\/2026\/02\/Rollambia-Android-300x129.webp 300w, https:\/\/rollambia-online.com\/wp-content\/uploads\/2026\/02\/Rollambia-Android-768x330.webp 768w, https:\/\/rollambia-online.com\/wp-content\/uploads\/2026\/02\/Rollambia-Android.webp 1248w\" sizes=\"auto, (max-width: 1248px) 100vw, 1248px\" \/><\/p>\n<\/div><\/div><div style=\"clear: both\"><\/div><div class=\"d-flex justify-content-center\"><button data-item=\"decouvrez_link\" data-group=\"website_links\" class=\"goto fw-bold rounded-pill btn btn-orange\" aria-label=\"Descarga la aplicaci\u00f3n Rollambia\" >Descarga la aplicaci\u00f3n Rollambia<\/button><\/div><div class=\"scrollable-content-wrap my-5\"><div class=\"scrollable-content-inner\"><h2>Aplicaciones de escritorio para Windows y macOS<\/h2>\n<p>Algunos jugadores siguen prefiriendo una pantalla m\u00e1s grande en casa, y es comprensible: es m\u00e1s f\u00e1cil seguir los detalles, especialmente en los partidos en directo. Siempre puedes utilizar Rollambia en cualquier navegador moderno.<\/p>\n<p>Para aquellos que desean una configuraci\u00f3n m\u00e1s \u00absimilar a una aplicaci\u00f3n\u00bb en un ordenador, Rollambia tambi\u00e9n ofrece versiones de escritorio para Windows y macOS. Estas suelen abrirse m\u00e1s r\u00e1pido que una pesta\u00f1a del navegador y pueden enviar notificaciones push sobre actualizaciones o actividad de la cuenta, dependiendo de su configuraci\u00f3n. El conjunto de funciones sigue siendo el mismo, solo que viene en un formato m\u00e1s espec\u00edfico.<\/p>\n<p><img loading=\"lazy\" decoding=\"async\" class=\"alignnone size-large wp-image-1964\" src=\"https:\/\/rollambia-online.com\/wp-content\/uploads\/2026\/02\/Rollambia-Desktop-1024x440.webp\" alt=\"Rollambia Desktop\" width=\"1248\" height=\"536\" srcset=\"https:\/\/rollambia-online.com\/wp-content\/uploads\/2026\/02\/Rollambia-Desktop-1024x440.webp 1024w, https:\/\/rollambia-online.com\/wp-content\/uploads\/2026\/02\/Rollambia-Desktop-300x129.webp 300w, https:\/\/rollambia-online.com\/wp-content\/uploads\/2026\/02\/Rollambia-Desktop-768x330.webp 768w, https:\/\/rollambia-online.com\/wp-content\/uploads\/2026\/02\/Rollambia-Desktop.webp 1248w\" sizes=\"auto, (max-width: 1248px) 100vw, 1248px\" \/><\/p>\n<\/div><\/div><div style=\"clear: both\"><\/div><div class=\"d-flex justify-content-center\"><button data-item=\"decouvrez_link\" data-group=\"website_links\" class=\"goto fw-bold rounded-pill btn btn-orange\" aria-label=\"Descarga la aplicaci\u00f3n Rollambia\" >Descarga la aplicaci\u00f3n Rollambia<\/button><\/div><div class=\"scrollable-content-wrap my-5\"><div class=\"scrollable-content-inner\"><h2>FAQ<\/h2>\n<h3>\u00bfLa aplicaci\u00f3n Rollambia incluye servicio de atenci\u00f3n al cliente?<\/h3>\n<p>S\u00ed. Puedes ponerte en contacto con el servicio de asistencia a trav\u00e9s del chat en vivo de la aplicaci\u00f3n, y tambi\u00e9n puedes enviar un correo electr\u00f3nico si necesitas explicar algo con m\u00e1s detalle.<\/p>\n<h3>\u00bfNecesito una cuenta para usar la aplicaci\u00f3n?<\/h3>\n<p>Puedes navegar por algunas secciones sin registrarte, pero necesitas una cuenta para utilizar todas las funciones, como los dep\u00f3sitos y el juego con dinero real.<\/p>\n<h3>\u00bfTodos los juegos est\u00e1n disponibles en la aplicaci\u00f3n?<\/h3>\n<p>La versi\u00f3n m\u00f3vil incluye el cat\u00e1logo completo (m\u00e1s de 6000 juegos), incluyendo tragamonedas, juegos de mesa y t\u00edtulos con crupier en vivo. La interfaz se adapta a tel\u00e9fonos y tabletas.<\/p>\n<h3>\u00bfC\u00f3mo funcionan las actualizaciones?<\/h3>\n<p>La mayor\u00eda de las actualizaciones se realizan autom\u00e1ticamente, especialmente en la versi\u00f3n PWA. Si la plataforma implementa un cambio importante, Rollambia puede solicitarle que actualice o reinstale desde el sitio web oficial.<\/p>\n<\/div><\/div><\/p>\n","protected":false},"excerpt":{"rendered":"<p>Aplicaci\u00f3n Rollambia Gaming Rollambia ofrece una aplicaci\u00f3n m\u00f3vil para Android e iOS porque muchos jugadores prefieren tenerlo todo en su tel\u00e9fono. La idea es sencilla: acceso r\u00e1pido, las mismas funciones b\u00e1sicas que en el ordenador y una interfaz que se adapta a una pantalla m\u00e1s peque\u00f1a. La biblioteca de juegos se adapta a los dispositivos [&hellip;]<\/p>\n","protected":false},"author":1,"featured_media":0,"parent":0,"menu_order":0,"comment_status":"closed","ping_status":"closed","template":"template-builder.php","meta":{"_acf_changed":false,"inline_featured_image":false,"footnotes":""},"class_list":["post-1449","page","type-page","status-publish","hentry"],"acf":[],"yoast_head":"<!-- This site is optimized with the Yoast SEO plugin v27.3 - https:\/\/yoast.com\/product\/yoast-seo-wordpress\/ -->\n<title>Descargar la Rollambia aplicaci\u00f3n | iOS y Android<\/title>\n<meta name=\"description\" content=\"La aplicaci\u00f3n Rollambia garantiza una experiencia de juego impecable en las plataformas Android, iOS, Windows y macOS, con sincronizaci\u00f3n de cuentas, actualizaciones peri\u00f3dicas y asistencia al cliente integrada para facilitar su uso.\" \/>\n<meta name=\"robots\" content=\"index, follow, max-snippet:-1, max-image-preview:large, max-video-preview:-1\" \/>\n<link rel=\"canonical\" href=\"https:\/\/rollambia-online.com\/es\/aplicacion\/\" \/>\n<meta property=\"og:locale\" content=\"es_ES\" \/>\n<meta property=\"og:type\" content=\"article\" \/>\n<meta property=\"og:title\" content=\"Descargar la Rollambia aplicaci\u00f3n | iOS y Android\" \/>\n<meta property=\"og:description\" content=\"La aplicaci\u00f3n Rollambia garantiza una experiencia de juego impecable en las plataformas Android, iOS, Windows y macOS, con sincronizaci\u00f3n de cuentas, actualizaciones peri\u00f3dicas y asistencia al cliente integrada para facilitar su uso.\" \/>\n<meta property=\"og:url\" content=\"https:\/\/rollambia-online.com\/es\/aplicacion\/\" \/>\n<meta property=\"og:site_name\" content=\"rollambia\" \/>\n<meta property=\"article:modified_time\" content=\"2026-02-25T11:09:30+00:00\" \/>\n<meta name=\"twitter:card\" content=\"summary_large_image\" \/>\n<meta name=\"twitter:label1\" content=\"Est. reading time\" \/>\n\t<meta name=\"twitter:data1\" content=\"2 minutes\" \/>\n<script type=\"application\/ld+json\" class=\"yoast-schema-graph\">{\"@context\":\"https:\\\/\\\/schema.org\",\"@graph\":[{\"@type\":\"WebPage\",\"@id\":\"https:\\\/\\\/rollambia-online.com\\\/es\\\/aplicacion\\\/\",\"url\":\"https:\\\/\\\/rollambia-online.com\\\/es\\\/aplicacion\\\/\",\"name\":\"Descargar la Rollambia aplicaci\u00f3n | iOS y Android\",\"isPartOf\":{\"@id\":\"https:\\\/\\\/rollambia-online.com\\\/es\\\/#website\"},\"datePublished\":\"2026-01-20T12:08:23+00:00\",\"dateModified\":\"2026-02-25T11:09:30+00:00\",\"description\":\"La aplicaci\u00f3n Rollambia garantiza una experiencia de juego impecable en las plataformas Android, iOS, Windows y macOS, con sincronizaci\u00f3n de cuentas, actualizaciones peri\u00f3dicas y asistencia al cliente integrada para facilitar su uso.\",\"breadcrumb\":{\"@id\":\"https:\\\/\\\/rollambia-online.com\\\/es\\\/aplicacion\\\/#breadcrumb\"},\"inLanguage\":\"es-ES\",\"potentialAction\":[{\"@type\":\"ReadAction\",\"target\":[\"https:\\\/\\\/rollambia-online.com\\\/es\\\/aplicacion\\\/\"]}]},{\"@type\":\"BreadcrumbList\",\"@id\":\"https:\\\/\\\/rollambia-online.com\\\/es\\\/aplicacion\\\/#breadcrumb\",\"itemListElement\":[{\"@type\":\"ListItem\",\"position\":1,\"name\":\"Rollambia\",\"item\":\"https:\\\/\\\/rollambia-online.com\\\/es\\\/\"},{\"@type\":\"ListItem\",\"position\":2,\"name\":\"Aplicaci\u00f3n\"}]},{\"@type\":\"WebSite\",\"@id\":\"https:\\\/\\\/rollambia-online.com\\\/es\\\/#website\",\"url\":\"https:\\\/\\\/rollambia-online.com\\\/es\\\/\",\"name\":\"Rollambia\",\"description\":\"\",\"publisher\":{\"@id\":\"https:\\\/\\\/rollambia-online.com\\\/es\\\/#organization\"},\"potentialAction\":[{\"@type\":\"SearchAction\",\"target\":{\"@type\":\"EntryPoint\",\"urlTemplate\":\"https:\\\/\\\/rollambia-online.com\\\/es\\\/?s={search_term_string}\"},\"query-input\":{\"@type\":\"PropertyValueSpecification\",\"valueRequired\":true,\"valueName\":\"search_term_string\"}}],\"inLanguage\":\"es-ES\"},{\"@type\":\"Organization\",\"@id\":\"https:\\\/\\\/rollambia-online.com\\\/es\\\/#organization\",\"name\":\"Rollambia\",\"url\":\"https:\\\/\\\/rollambia-online.com\\\/es\\\/\",\"logo\":{\"@type\":\"ImageObject\",\"inLanguage\":\"es-ES\",\"@id\":\"https:\\\/\\\/rollambia-online.com\\\/es\\\/#\\\/schema\\\/logo\\\/image\\\/\",\"url\":\"https:\\\/\\\/rollambia-online.com\\\/wp-content\\\/uploads\\\/2026\\\/02\\\/cropped-logo-e1771933026442.png\",\"contentUrl\":\"https:\\\/\\\/rollambia-online.com\\\/wp-content\\\/uploads\\\/2026\\\/02\\\/cropped-logo-e1771933026442.png\",\"width\":209,\"height\":43,\"caption\":\"Rollambia\"},\"image\":{\"@id\":\"https:\\\/\\\/rollambia-online.com\\\/es\\\/#\\\/schema\\\/logo\\\/image\\\/\"}}]}<\/script>\n<!-- \/ Yoast SEO plugin. -->","yoast_head_json":{"title":"Descargar la Rollambia aplicaci\u00f3n | iOS y Android","description":"La aplicaci\u00f3n Rollambia garantiza una experiencia de juego impecable en las plataformas Android, iOS, Windows y macOS, con sincronizaci\u00f3n de cuentas, actualizaciones peri\u00f3dicas y asistencia al cliente integrada para facilitar su uso.","robots":{"index":"index","follow":"follow","max-snippet":"max-snippet:-1","max-image-preview":"max-image-preview:large","max-video-preview":"max-video-preview:-1"},"canonical":"https:\/\/rollambia-online.com\/es\/aplicacion\/","og_locale":"es_ES","og_type":"article","og_title":"Descargar la Rollambia aplicaci\u00f3n | iOS y Android","og_description":"La aplicaci\u00f3n Rollambia garantiza una experiencia de juego impecable en las plataformas Android, iOS, Windows y macOS, con sincronizaci\u00f3n de cuentas, actualizaciones peri\u00f3dicas y asistencia al cliente integrada para facilitar su uso.","og_url":"https:\/\/rollambia-online.com\/es\/aplicacion\/","og_site_name":"rollambia","article_modified_time":"2026-02-25T11:09:30+00:00","twitter_card":"summary_large_image","twitter_misc":{"Est. reading time":"2 minutes"},"schema":{"@context":"https:\/\/schema.org","@graph":[{"@type":"WebPage","@id":"https:\/\/rollambia-online.com\/es\/aplicacion\/","url":"https:\/\/rollambia-online.com\/es\/aplicacion\/","name":"Descargar la Rollambia aplicaci\u00f3n | iOS y Android","isPartOf":{"@id":"https:\/\/rollambia-online.com\/es\/#website"},"datePublished":"2026-01-20T12:08:23+00:00","dateModified":"2026-02-25T11:09:30+00:00","description":"La aplicaci\u00f3n Rollambia garantiza una experiencia de juego impecable en las plataformas Android, iOS, Windows y macOS, con sincronizaci\u00f3n de cuentas, actualizaciones peri\u00f3dicas y asistencia al cliente integrada para facilitar su uso.","breadcrumb":{"@id":"https:\/\/rollambia-online.com\/es\/aplicacion\/#breadcrumb"},"inLanguage":"es-ES","potentialAction":[{"@type":"ReadAction","target":["https:\/\/rollambia-online.com\/es\/aplicacion\/"]}]},{"@type":"BreadcrumbList","@id":"https:\/\/rollambia-online.com\/es\/aplicacion\/#breadcrumb","itemListElement":[{"@type":"ListItem","position":1,"name":"Rollambia","item":"https:\/\/rollambia-online.com\/es\/"},{"@type":"ListItem","position":2,"name":"Aplicaci\u00f3n"}]},{"@type":"WebSite","@id":"https:\/\/rollambia-online.com\/es\/#website","url":"https:\/\/rollambia-online.com\/es\/","name":"Rollambia","description":"","publisher":{"@id":"https:\/\/rollambia-online.com\/es\/#organization"},"potentialAction":[{"@type":"SearchAction","target":{"@type":"EntryPoint","urlTemplate":"https:\/\/rollambia-online.com\/es\/?s={search_term_string}"},"query-input":{"@type":"PropertyValueSpecification","valueRequired":true,"valueName":"search_term_string"}}],"inLanguage":"es-ES"},{"@type":"Organization","@id":"https:\/\/rollambia-online.com\/es\/#organization","name":"Rollambia","url":"https:\/\/rollambia-online.com\/es\/","logo":{"@type":"ImageObject","inLanguage":"es-ES","@id":"https:\/\/rollambia-online.com\/es\/#\/schema\/logo\/image\/","url":"https:\/\/rollambia-online.com\/wp-content\/uploads\/2026\/02\/cropped-logo-e1771933026442.png","contentUrl":"https:\/\/rollambia-online.com\/wp-content\/uploads\/2026\/02\/cropped-logo-e1771933026442.png","width":209,"height":43,"caption":"Rollambia"},"image":{"@id":"https:\/\/rollambia-online.com\/es\/#\/schema\/logo\/image\/"}}]}},"_links":{"self":[{"href":"https:\/\/rollambia-online.com\/es\/wp-json\/wp\/v2\/pages\/1449","targetHints":{"allow":["GET"]}}],"collection":[{"href":"https:\/\/rollambia-online.com\/es\/wp-json\/wp\/v2\/pages"}],"about":[{"href":"https:\/\/rollambia-online.com\/es\/wp-json\/wp\/v2\/types\/page"}],"author":[{"embeddable":true,"href":"https:\/\/rollambia-online.com\/es\/wp-json\/wp\/v2\/users\/1"}],"replies":[{"embeddable":true,"href":"https:\/\/rollambia-online.com\/es\/wp-json\/wp\/v2\/comments?post=1449"}],"version-history":[{"count":5,"href":"https:\/\/rollambia-online.com\/es\/wp-json\/wp\/v2\/pages\/1449\/revisions"}],"predecessor-version":[{"id":2183,"href":"https:\/\/rollambia-online.com\/es\/wp-json\/wp\/v2\/pages\/1449\/revisions\/2183"}],"wp:attachment":[{"href":"https:\/\/rollambia-online.com\/es\/wp-json\/wp\/v2\/media?parent=1449"}],"curies":[{"name":"wp","href":"https:\/\/api.w.org\/{rel}","templated":true}]}}