{"id":1440,"date":"2026-01-20T12:08:23","date_gmt":"2026-01-20T12:08:23","guid":{"rendered":"https:\/\/bonuskongcasino.com\/app\/"},"modified":"2026-02-25T10:55:18","modified_gmt":"2026-02-25T10:55:18","slug":"app","status":"publish","type":"page","link":"https:\/\/rollambia-online.com\/fr\/app\/","title":{"rendered":"App"},"content":{"rendered":"<h1>Application Rollambia Gaming<\/h1>\n<p>Rollambia propose une application mobile pour Android et iOS, car de nombreux joueurs pr\u00e9f\u00e8rent tout avoir sur leur t\u00e9l\u00e9phone. L&rsquo;id\u00e9e est simple : un acc\u00e8s rapide, les m\u00eames fonctionnalit\u00e9s de base que sur ordinateur et une interface adapt\u00e9e aux petits \u00e9crans. La biblioth\u00e8que de jeux s&rsquo;adapte aux appareils modernes, vous n&rsquo;avez donc pas \u00e0 vous soucier d&rsquo;un redimensionnement maladroit ou de boutons difficiles \u00e0 appuyer.<\/p>\n<div class=\"banner-wrap\" aria-label=\"Banner\"><img src=\"https:\/\/rollambia-online.com\/wp-content\/uploads\/2026\/02\/rollambia-bnr-pc.webp\" class=\"w-100 d-none d-lg-block img-pc main-banner-img\" alt=\"rollambia-bnr-pc\" fetchpriority=\"high\" decoding=\"async\"><img src=\"https:\/\/rollambia-online.com\/wp-content\/uploads\/2026\/02\/rollambia-bnr-mob.webp\" class=\"w-100 d-none d-md-block d-lg-none main-banner-img\" alt=\"rollambia-bnr-mob\" fetchpriority=\"high\" decoding=\"async\"><img src=\"https:\/\/rollambia-online.com\/wp-content\/uploads\/2026\/02\/rollambia-bnr-mob.webp\" class=\"w-100 d-md-none\" alt=\"rollambia-bnr-mob\" fetchpriority=\"high\" decoding=\"async\"><div class=\"banner-description\">\n<div class=\"banner-title\">Bonus de bienvenue<\/div>\n<p class=\"banner-header-title\">1500 \u20ac<\/p>\n<div class=\"banner-header-AdditionalText\">+ 250 Tours gratuits<\/div>\n<button data-item=\"homepage_banner_link\" class=\"goto m-button m-gradient-border m-button--primary m-button--large banner-button btn-orange\">\n            <div class=\"m-button-content\">\n                <span>Inscrivez-vous d\u00e8s maintenant<\/span>\n                <span><\/span>\n            <\/div>\n        <\/button>\n<\/div>\n<div class=\"WelcomePack\">\n<p><img loading=\"lazy\" decoding=\"async\" class=\"alignnone size-full wp-image-1917\" src=\"https:\/\/rollambia-online.com\/wp-content\/uploads\/2026\/02\/welcome-crown.png\" alt=\"welcome-crown\" width=\"25\" height=\"26\" \/><\/p>\n<div class=\"WelcomePack-Info\">Cashback hebdomadaire jusqu&rsquo;\u00e0 25 %<\/div>\n<p><img loading=\"lazy\" decoding=\"async\" class=\"alignnone size-full wp-image-1917\" src=\"https:\/\/rollambia-online.com\/wp-content\/uploads\/2026\/02\/welcome-crown.png\" alt=\"welcome-crown\" width=\"25\" height=\"26\" \/><\/p>\n<\/div>\n<\/div>\n<h2>Rollambia dans votre poche<\/h2>\n<p>Avec l&rsquo;application Rollambia, vous pouvez jouer sans \u00eatre li\u00e9 \u00e0 un ordinateur. Un t\u00e9l\u00e9phone et une connexion Internet stable suffisent g\u00e9n\u00e9ralement. L&rsquo;application vous donne acc\u00e8s \u00e0 plus de 6 000 jeux dans diff\u00e9rentes cat\u00e9gories, et la plupart des titres fonctionnent parfaitement sur Android et iOS.<\/p>\n<p>Vous pouvez \u00e9galement g\u00e9rer vos op\u00e9rations bancaires quotidiennes directement depuis votre mobile :<\/p>\n<ul>\n<li>Parcourez les jeux et passez rapidement d&rsquo;une cat\u00e9gorie \u00e0 l&rsquo;autre.<\/li>\n<li>utiliser la caisse pour les d\u00e9p\u00f4ts et les retraits,<\/li>\n<li>Consultez les promotions et les tournois,<\/li>\n<li>g\u00e9rer les param\u00e8tres de votre compte.<\/li>\n<\/ul>\n<p>Votre activit\u00e9 est synchronis\u00e9e sur tous vos appareils. Si vous vous connectez au m\u00eame compte Rollambia sur votre ordinateur et votre mobile, la plateforme conserve votre profil et votre progression, ce qui vous permet de passer d&rsquo;un appareil \u00e0 l&rsquo;autre sans repartir de z\u00e9ro.<\/p>\n<p>Si quelque chose ne fonctionne pas comme pr\u00e9vu, l&rsquo;assistance reste disponible 24 heures sur 24, 7 jours sur 7. Vous pouvez contacter l&rsquo;\u00e9quipe depuis l&rsquo;application via le chat en direct ou par e-mail.<\/p>\n<p><div class=\"scrollable-content-wrap my-5\"><div class=\"scrollable-content-inner\"><h2>Application Android Spinsahara Casino<\/h2>\n<p>Les utilisateurs d&rsquo;Android peuvent toujours ouvrir Rollambia via n&rsquo;importe quel navigateur mobile, mais l&rsquo;application permet un acc\u00e8s plus direct. Rollambia utilise une approche progressive web app (PWA), ce qui signifie que vous l&rsquo;installez \u00e0 partir du site officiel sans avoir \u00e0 g\u00e9rer des fichiers APK inconnus ou des t\u00e9l\u00e9chargements suppl\u00e9mentaires provenant de sources tierces.<\/p>\n<p>L&rsquo;application Android fonctionne sur la plupart des appareils modernes et est con\u00e7ue pour les commandes tactiles. Vous pouvez jouer \u00e0 des jeux, utiliser des bonus, participer \u00e0 des tournois et g\u00e9rer vos paiements \u00e0 partir de la m\u00eame interface.<\/p>\n<table>\n<tbody>\n<tr>\n<td>\u00c9tape<\/td>\n<td>D\u00e9tails<\/td>\n<\/tr>\n<tr>\n<td>Visitez notre site officiel.<\/td>\n<td>Nous vous recommandons de t\u00e9l\u00e9charger l&rsquo;application uniquement depuis le site officiel afin d&rsquo;\u00e9viter toute fraude.<\/td>\n<\/tr>\n<tr>\n<td>Cliquez sur le bouton \u00ab Application Casino \u00bb en bas de page.<\/td>\n<td>Il se trouve tout en bas de la page d&rsquo;accueil. L&rsquo;installation d\u00e9marre automatiquement et ne prend que quelques minutes.<\/td>\n<\/tr>\n<tr>\n<td>L&rsquo;ic\u00f4ne Rollambia Casino se trouve sur votre \u00e9cran d&rsquo;accueil.<\/td>\n<td>Vous pouvez d\u00e9sormais vous connecter ou cr\u00e9er un nouveau compte et commencer \u00e0 profiter du jeu.<\/td>\n<\/tr>\n<\/tbody>\n<\/table>\n<p><img loading=\"lazy\" decoding=\"async\" class=\"alignnone size-large wp-image-1951\" src=\"https:\/\/rollambia-online.com\/wp-content\/uploads\/2026\/02\/Rollambia-Android-1024x440.webp\" alt=\"Rollambia Android\" width=\"1248\" height=\"536\" srcset=\"https:\/\/rollambia-online.com\/wp-content\/uploads\/2026\/02\/Rollambia-Android-1024x440.webp 1024w, https:\/\/rollambia-online.com\/wp-content\/uploads\/2026\/02\/Rollambia-Android-300x129.webp 300w, https:\/\/rollambia-online.com\/wp-content\/uploads\/2026\/02\/Rollambia-Android-768x330.webp 768w, https:\/\/rollambia-online.com\/wp-content\/uploads\/2026\/02\/Rollambia-Android.webp 1248w\" sizes=\"auto, (max-width: 1248px) 100vw, 1248px\" \/><\/p>\n<\/div><\/div><div style=\"clear: both\"><\/div><div class=\"d-flex justify-content-center\"><button data-item=\"decouvrez_link\" data-group=\"website_links\" class=\"goto fw-bold rounded-pill btn btn-orange\" aria-label=\"T\u00e9l\u00e9chargez l&#039;application Rollambia\" >T\u00e9l\u00e9chargez l&#039;application Rollambia<\/button><\/div><div class=\"scrollable-content-wrap my-5\"><div class=\"scrollable-content-inner\"><h2>Application Rollambia pour iOS<\/h2>\n<p>Si vous utilisez un iPhone ou un iPad, vous pouvez toujours installer Rollambia, mais le processus est l\u00e9g\u00e8rement diff\u00e9rent. Les r\u00e8gles de l&rsquo;App Store limitent souvent la distribution directe d&rsquo;applications de casino, c&rsquo;est pourquoi Rollambia propose un acc\u00e8s via la version PWA sur son site web. La plateforme la teste r\u00e9guli\u00e8rement afin de garantir sa stabilit\u00e9 lors des mises \u00e0 jour iOS.<\/p>\n<p>La version iOS couvre les m\u00eames fonctionnalit\u00e9s de base que la version pour ordinateur : jeux, promotions, tournois, paiements et actions sur le compte. Vous pouvez \u00e9galement vous inscrire et effectuer les \u00e9tapes de v\u00e9rification directement depuis votre mobile lorsque cela est n\u00e9cessaire.<\/p>\n<table>\n<tbody>\n<tr>\n<td>\u00c9tape<\/td>\n<td>D\u00e9tails<\/td>\n<\/tr>\n<tr>\n<td>Ouvrez l&rsquo;application \u00ab Raccourcis \u00bb.<\/td>\n<td>L&rsquo;application devrait s&rsquo;installer automatiquement sur votre appareil.<\/td>\n<\/tr>\n<tr>\n<td>Cliquez sur l&rsquo;ic\u00f4ne \u00ab + \u00bb pour cr\u00e9er un nouveau raccourci.<\/td>\n<td>L&rsquo;ic\u00f4ne se trouve dans le coin sup\u00e9rieur droit de la page d&rsquo;accueil.<\/td>\n<\/tr>\n<tr>\n<td>Appuyez sur \u00ab Ajouter une action \u00bb.<\/td>\n<td>Maintenant, vous devez rechercher le site web Rollambia pour lequel vous souhaitez cr\u00e9er un raccourci.<\/td>\n<\/tr>\n<tr>\n<td>Cliquez sur le bouton \u00e0 c\u00f4t\u00e9 du nom du raccourci et s\u00e9lectionnez \u00ab Ajouter \u00e0 l&rsquo;\u00e9cran d&rsquo;accueil \u00bb.<\/td>\n<td>Le bouton a la forme d&rsquo;une fl\u00e8che vers le bas.<\/td>\n<\/tr>\n<tr>\n<td>Appuyez sur \u00ab Ajouter \u00bb.<\/td>\n<td>Avant de le faire, vous pouvez modifier le nom de l&rsquo;ic\u00f4ne si vous le souhaitez.<\/td>\n<\/tr>\n<\/tbody>\n<\/table>\n<p><img loading=\"lazy\" decoding=\"async\" class=\"alignnone size-large wp-image-1943\" src=\"https:\/\/rollambia-online.com\/wp-content\/uploads\/2026\/02\/Rollambia-iOS-1024x440.webp\" alt=\"Rollambia iOS\" width=\"1248\" height=\"536\" srcset=\"https:\/\/rollambia-online.com\/wp-content\/uploads\/2026\/02\/Rollambia-iOS-1024x440.webp 1024w, https:\/\/rollambia-online.com\/wp-content\/uploads\/2026\/02\/Rollambia-iOS-300x129.webp 300w, https:\/\/rollambia-online.com\/wp-content\/uploads\/2026\/02\/Rollambia-iOS-768x330.webp 768w, https:\/\/rollambia-online.com\/wp-content\/uploads\/2026\/02\/Rollambia-iOS.webp 1248w\" sizes=\"auto, (max-width: 1248px) 100vw, 1248px\" \/><\/p>\n<\/div><\/div><div style=\"clear: both\"><\/div><div class=\"d-flex justify-content-center\"><button data-item=\"decouvrez_link\" data-group=\"website_links\" class=\"goto fw-bold rounded-pill btn btn-orange\" aria-label=\"T\u00e9l\u00e9chargez l&#039;application Rollambia\" >T\u00e9l\u00e9chargez l&#039;application Rollambia<\/button><\/div><div class=\"scrollable-content-wrap my-5\"><div class=\"scrollable-content-inner\"><h2>Applications de bureau pour Windows et macOS<\/h2>\n<p>Certains joueurs pr\u00e9f\u00e8rent encore un \u00e9cran plus grand chez eux, et c&rsquo;est tout \u00e0 fait compr\u00e9hensible : il est plus facile de suivre les d\u00e9tails, en particulier lors des matchs en direct. Vous pouvez toujours utiliser Rollambia dans n&rsquo;importe quel navigateur moderne.<\/p>\n<p>Pour ceux qui souhaitent une configuration plus \u00ab style application \u00bb sur un ordinateur, Rollambia propose \u00e9galement des versions de bureau pour Windows et macOS. Celles-ci s&rsquo;ouvrent g\u00e9n\u00e9ralement plus rapidement qu&rsquo;un onglet de navigateur et peuvent envoyer des notifications push concernant les mises \u00e0 jour ou l&rsquo;activit\u00e9 du compte, en fonction de vos param\u00e8tres. Les fonctionnalit\u00e9s restent les m\u00eames, mais elles sont pr\u00e9sent\u00e9es dans un format plus d\u00e9di\u00e9.<\/p>\n<p><img loading=\"lazy\" decoding=\"async\" class=\"alignnone size-large wp-image-1959\" src=\"https:\/\/rollambia-online.com\/wp-content\/uploads\/2026\/02\/Rollambia-Desktop-1024x440.webp\" alt=\"Rollambia Desktop\" width=\"1248\" height=\"536\" srcset=\"https:\/\/rollambia-online.com\/wp-content\/uploads\/2026\/02\/Rollambia-Desktop-1024x440.webp 1024w, https:\/\/rollambia-online.com\/wp-content\/uploads\/2026\/02\/Rollambia-Desktop-300x129.webp 300w, https:\/\/rollambia-online.com\/wp-content\/uploads\/2026\/02\/Rollambia-Desktop-768x330.webp 768w, https:\/\/rollambia-online.com\/wp-content\/uploads\/2026\/02\/Rollambia-Desktop.webp 1248w\" sizes=\"auto, (max-width: 1248px) 100vw, 1248px\" \/><\/p>\n<\/div><\/div><div style=\"clear: both\"><\/div><div class=\"d-flex justify-content-center\"><button data-item=\"decouvrez_link\" data-group=\"website_links\" class=\"goto fw-bold rounded-pill btn btn-orange\" aria-label=\"T\u00e9l\u00e9chargez l&#039;application Rollambia\" >T\u00e9l\u00e9chargez l&#039;application Rollambia<\/button><\/div><div class=\"scrollable-content-wrap my-5\"><div class=\"scrollable-content-inner\"><h2>FAQ<\/h2>\n<h3>L&rsquo;application Rollambia inclut-elle un service client ?<\/h3>\n<p>Oui. Vous pouvez contacter le service d&rsquo;assistance via le chat en direct dans l&rsquo;application, et vous pouvez \u00e9galement envoyer un e-mail si vous avez besoin d&rsquo;expliquer quelque chose en d\u00e9tail.<\/p>\n<h3>Ai-je besoin d&rsquo;un compte pour utiliser l&rsquo;application ?<\/h3>\n<p>Vous pouvez parcourir certaines sections sans vous inscrire, mais vous devez disposer d&rsquo;un compte pour utiliser toutes les fonctionnalit\u00e9s, telles que les d\u00e9p\u00f4ts et les jeux en argent r\u00e9el.<\/p>\n<h3>Tous les jeux sont-ils disponibles dans l&rsquo;application ?<\/h3>\n<p>La version mobile comprend le catalogue complet (plus de 6 000 jeux), y compris les machines \u00e0 sous, les jeux de table et les titres avec croupier en direct. L&rsquo;interface s&rsquo;adapte aux t\u00e9l\u00e9phones et aux tablettes.<\/p>\n<h3>Comment fonctionnent les mises \u00e0 jour ?<\/h3>\n<p>La plupart des mises \u00e0 jour s&rsquo;effectuent automatiquement, en particulier pour la version PWA. Si la plateforme d\u00e9ploie une modification majeure, Rollambia peut vous inviter \u00e0 actualiser ou \u00e0 r\u00e9installer l&rsquo;application \u00e0 partir du site Web officiel.<\/p>\n<\/div><\/div><\/p>\n","protected":false},"excerpt":{"rendered":"<p>Application Rollambia Gaming Rollambia propose une application mobile pour Android et iOS, car de nombreux joueurs pr\u00e9f\u00e8rent tout avoir sur leur t\u00e9l\u00e9phone. L&rsquo;id\u00e9e est simple : un acc\u00e8s rapide, les m\u00eames fonctionnalit\u00e9s de base que sur ordinateur et une interface adapt\u00e9e aux petits \u00e9crans. La biblioth\u00e8que de jeux s&rsquo;adapte aux appareils modernes, vous n&rsquo;avez donc [&hellip;]<\/p>\n","protected":false},"author":1,"featured_media":0,"parent":0,"menu_order":0,"comment_status":"closed","ping_status":"closed","template":"template-builder.php","meta":{"_acf_changed":false,"inline_featured_image":false,"footnotes":""},"class_list":["post-1440","page","type-page","status-publish","hentry"],"acf":[],"yoast_head":"<!-- This site is optimized with the Yoast SEO plugin v27.3 - https:\/\/yoast.com\/product\/yoast-seo-wordpress\/ -->\n<title>T\u00e9l\u00e9chargement de Rollambia l&#039;application | iOS et Android<\/title>\n<meta name=\"description\" content=\"L&#039;application Rollambia garantit une exp\u00e9rience de jeu fluide sur les plateformes Android, iOS, Windows et macOS, avec synchronisation des comptes, mises \u00e0 jour r\u00e9guli\u00e8res et assistance client int\u00e9gr\u00e9e pour une utilisation simplifi\u00e9e.\" \/>\n<meta name=\"robots\" content=\"index, follow, max-snippet:-1, max-image-preview:large, max-video-preview:-1\" \/>\n<link rel=\"canonical\" href=\"https:\/\/rollambia-online.com\/fr\/app\/\" \/>\n<meta property=\"og:locale\" content=\"fr_FR\" \/>\n<meta property=\"og:type\" content=\"article\" \/>\n<meta property=\"og:title\" content=\"T\u00e9l\u00e9chargement de Rollambia l&#039;application | iOS et Android\" \/>\n<meta property=\"og:description\" content=\"L&#039;application Rollambia garantit une exp\u00e9rience de jeu fluide sur les plateformes Android, iOS, Windows et macOS, avec synchronisation des comptes, mises \u00e0 jour r\u00e9guli\u00e8res et assistance client int\u00e9gr\u00e9e pour une utilisation simplifi\u00e9e.\" \/>\n<meta property=\"og:url\" content=\"https:\/\/rollambia-online.com\/fr\/app\/\" \/>\n<meta property=\"og:site_name\" content=\"rollambia\" \/>\n<meta property=\"article:modified_time\" content=\"2026-02-25T10:55:18+00:00\" \/>\n<meta name=\"twitter:card\" content=\"summary_large_image\" \/>\n<meta name=\"twitter:label1\" content=\"Dur\u00e9e de lecture estim\u00e9e\" \/>\n\t<meta name=\"twitter:data1\" content=\"2 minutes\" \/>\n<script type=\"application\/ld+json\" class=\"yoast-schema-graph\">{\"@context\":\"https:\\\/\\\/schema.org\",\"@graph\":[{\"@type\":\"WebPage\",\"@id\":\"https:\\\/\\\/rollambia-online.com\\\/fr\\\/app\\\/\",\"url\":\"https:\\\/\\\/rollambia-online.com\\\/fr\\\/app\\\/\",\"name\":\"T\u00e9l\u00e9chargement de Rollambia l'application | iOS et Android\",\"isPartOf\":{\"@id\":\"https:\\\/\\\/rollambia-online.com\\\/fr\\\/#website\"},\"datePublished\":\"2026-01-20T12:08:23+00:00\",\"dateModified\":\"2026-02-25T10:55:18+00:00\",\"description\":\"L'application Rollambia garantit une exp\u00e9rience de jeu fluide sur les plateformes Android, iOS, Windows et macOS, avec synchronisation des comptes, mises \u00e0 jour r\u00e9guli\u00e8res et assistance client int\u00e9gr\u00e9e pour une utilisation simplifi\u00e9e.\",\"breadcrumb\":{\"@id\":\"https:\\\/\\\/rollambia-online.com\\\/fr\\\/app\\\/#breadcrumb\"},\"inLanguage\":\"fr-FR\",\"potentialAction\":[{\"@type\":\"ReadAction\",\"target\":[\"https:\\\/\\\/rollambia-online.com\\\/fr\\\/app\\\/\"]}]},{\"@type\":\"BreadcrumbList\",\"@id\":\"https:\\\/\\\/rollambia-online.com\\\/fr\\\/app\\\/#breadcrumb\",\"itemListElement\":[{\"@type\":\"ListItem\",\"position\":1,\"name\":\"Rollambia\",\"item\":\"https:\\\/\\\/rollambia-online.com\\\/fr\\\/\"},{\"@type\":\"ListItem\",\"position\":2,\"name\":\"App\"}]},{\"@type\":\"WebSite\",\"@id\":\"https:\\\/\\\/rollambia-online.com\\\/fr\\\/#website\",\"url\":\"https:\\\/\\\/rollambia-online.com\\\/fr\\\/\",\"name\":\"Rollambia\",\"description\":\"\",\"publisher\":{\"@id\":\"https:\\\/\\\/rollambia-online.com\\\/fr\\\/#organization\"},\"potentialAction\":[{\"@type\":\"SearchAction\",\"target\":{\"@type\":\"EntryPoint\",\"urlTemplate\":\"https:\\\/\\\/rollambia-online.com\\\/fr\\\/?s={search_term_string}\"},\"query-input\":{\"@type\":\"PropertyValueSpecification\",\"valueRequired\":true,\"valueName\":\"search_term_string\"}}],\"inLanguage\":\"fr-FR\"},{\"@type\":\"Organization\",\"@id\":\"https:\\\/\\\/rollambia-online.com\\\/fr\\\/#organization\",\"name\":\"Rollambia\",\"url\":\"https:\\\/\\\/rollambia-online.com\\\/fr\\\/\",\"logo\":{\"@type\":\"ImageObject\",\"inLanguage\":\"fr-FR\",\"@id\":\"https:\\\/\\\/rollambia-online.com\\\/fr\\\/#\\\/schema\\\/logo\\\/image\\\/\",\"url\":\"https:\\\/\\\/rollambia-online.com\\\/wp-content\\\/uploads\\\/2026\\\/02\\\/cropped-logo-e1771933026442.png\",\"contentUrl\":\"https:\\\/\\\/rollambia-online.com\\\/wp-content\\\/uploads\\\/2026\\\/02\\\/cropped-logo-e1771933026442.png\",\"width\":209,\"height\":43,\"caption\":\"Rollambia\"},\"image\":{\"@id\":\"https:\\\/\\\/rollambia-online.com\\\/fr\\\/#\\\/schema\\\/logo\\\/image\\\/\"}}]}<\/script>\n<!-- \/ Yoast SEO plugin. -->","yoast_head_json":{"title":"T\u00e9l\u00e9chargement de Rollambia l'application | iOS et Android","description":"L'application Rollambia garantit une exp\u00e9rience de jeu fluide sur les plateformes Android, iOS, Windows et macOS, avec synchronisation des comptes, mises \u00e0 jour r\u00e9guli\u00e8res et assistance client int\u00e9gr\u00e9e pour une utilisation simplifi\u00e9e.","robots":{"index":"index","follow":"follow","max-snippet":"max-snippet:-1","max-image-preview":"max-image-preview:large","max-video-preview":"max-video-preview:-1"},"canonical":"https:\/\/rollambia-online.com\/fr\/app\/","og_locale":"fr_FR","og_type":"article","og_title":"T\u00e9l\u00e9chargement de Rollambia l'application | iOS et Android","og_description":"L'application Rollambia garantit une exp\u00e9rience de jeu fluide sur les plateformes Android, iOS, Windows et macOS, avec synchronisation des comptes, mises \u00e0 jour r\u00e9guli\u00e8res et assistance client int\u00e9gr\u00e9e pour une utilisation simplifi\u00e9e.","og_url":"https:\/\/rollambia-online.com\/fr\/app\/","og_site_name":"rollambia","article_modified_time":"2026-02-25T10:55:18+00:00","twitter_card":"summary_large_image","twitter_misc":{"Dur\u00e9e de lecture estim\u00e9e":"2 minutes"},"schema":{"@context":"https:\/\/schema.org","@graph":[{"@type":"WebPage","@id":"https:\/\/rollambia-online.com\/fr\/app\/","url":"https:\/\/rollambia-online.com\/fr\/app\/","name":"T\u00e9l\u00e9chargement de Rollambia l'application | iOS et Android","isPartOf":{"@id":"https:\/\/rollambia-online.com\/fr\/#website"},"datePublished":"2026-01-20T12:08:23+00:00","dateModified":"2026-02-25T10:55:18+00:00","description":"L'application Rollambia garantit une exp\u00e9rience de jeu fluide sur les plateformes Android, iOS, Windows et macOS, avec synchronisation des comptes, mises \u00e0 jour r\u00e9guli\u00e8res et assistance client int\u00e9gr\u00e9e pour une utilisation simplifi\u00e9e.","breadcrumb":{"@id":"https:\/\/rollambia-online.com\/fr\/app\/#breadcrumb"},"inLanguage":"fr-FR","potentialAction":[{"@type":"ReadAction","target":["https:\/\/rollambia-online.com\/fr\/app\/"]}]},{"@type":"BreadcrumbList","@id":"https:\/\/rollambia-online.com\/fr\/app\/#breadcrumb","itemListElement":[{"@type":"ListItem","position":1,"name":"Rollambia","item":"https:\/\/rollambia-online.com\/fr\/"},{"@type":"ListItem","position":2,"name":"App"}]},{"@type":"WebSite","@id":"https:\/\/rollambia-online.com\/fr\/#website","url":"https:\/\/rollambia-online.com\/fr\/","name":"Rollambia","description":"","publisher":{"@id":"https:\/\/rollambia-online.com\/fr\/#organization"},"potentialAction":[{"@type":"SearchAction","target":{"@type":"EntryPoint","urlTemplate":"https:\/\/rollambia-online.com\/fr\/?s={search_term_string}"},"query-input":{"@type":"PropertyValueSpecification","valueRequired":true,"valueName":"search_term_string"}}],"inLanguage":"fr-FR"},{"@type":"Organization","@id":"https:\/\/rollambia-online.com\/fr\/#organization","name":"Rollambia","url":"https:\/\/rollambia-online.com\/fr\/","logo":{"@type":"ImageObject","inLanguage":"fr-FR","@id":"https:\/\/rollambia-online.com\/fr\/#\/schema\/logo\/image\/","url":"https:\/\/rollambia-online.com\/wp-content\/uploads\/2026\/02\/cropped-logo-e1771933026442.png","contentUrl":"https:\/\/rollambia-online.com\/wp-content\/uploads\/2026\/02\/cropped-logo-e1771933026442.png","width":209,"height":43,"caption":"Rollambia"},"image":{"@id":"https:\/\/rollambia-online.com\/fr\/#\/schema\/logo\/image\/"}}]}},"_links":{"self":[{"href":"https:\/\/rollambia-online.com\/fr\/wp-json\/wp\/v2\/pages\/1440","targetHints":{"allow":["GET"]}}],"collection":[{"href":"https:\/\/rollambia-online.com\/fr\/wp-json\/wp\/v2\/pages"}],"about":[{"href":"https:\/\/rollambia-online.com\/fr\/wp-json\/wp\/v2\/types\/page"}],"author":[{"embeddable":true,"href":"https:\/\/rollambia-online.com\/fr\/wp-json\/wp\/v2\/users\/1"}],"replies":[{"embeddable":true,"href":"https:\/\/rollambia-online.com\/fr\/wp-json\/wp\/v2\/comments?post=1440"}],"version-history":[{"count":5,"href":"https:\/\/rollambia-online.com\/fr\/wp-json\/wp\/v2\/pages\/1440\/revisions"}],"predecessor-version":[{"id":2167,"href":"https:\/\/rollambia-online.com\/fr\/wp-json\/wp\/v2\/pages\/1440\/revisions\/2167"}],"wp:attachment":[{"href":"https:\/\/rollambia-online.com\/fr\/wp-json\/wp\/v2\/media?parent=1440"}],"curies":[{"name":"wp","href":"https:\/\/api.w.org\/{rel}","templated":true}]}}