{"id":1447,"date":"2026-01-20T12:08:23","date_gmt":"2026-01-20T12:08:23","guid":{"rendered":"https:\/\/bonuskongcasino.com\/app\/"},"modified":"2026-02-25T11:05:55","modified_gmt":"2026-02-25T11:05:55","slug":"aplikacja","status":"publish","type":"page","link":"https:\/\/rollambia-online.com\/pl\/aplikacja\/","title":{"rendered":"Aplikacja"},"content":{"rendered":"<h1>Aplikacja Rollambia Gaming<\/h1>\n<p>Rollambia oferuje aplikacj\u0119 mobiln\u0105 na systemy Android i iOS, poniewa\u017c wielu graczy woli mie\u0107 wszystko w swoim telefonie. Idea jest prosta: szybki dost\u0119p, te same podstawowe funkcje co na komputerze stacjonarnym oraz interfejs dostosowany do mniejszego ekranu. Biblioteka gier dostosowuje si\u0119 do nowoczesnych urz\u0105dze\u0144, wi\u0119c nie musisz martwi\u0107 si\u0119 o niewygodne skalowanie lub trudne do naci\u015bni\u0119cia przyciski.<\/p>\n<div class=\"banner-wrap\" aria-label=\"Banner\"><img src=\"https:\/\/rollambia-online.com\/wp-content\/uploads\/2026\/02\/rollambia-bnr-pc.webp\" class=\"w-100 d-none d-lg-block img-pc main-banner-img\" alt=\"rollambia-bnr-pc\" fetchpriority=\"high\" decoding=\"async\"><img src=\"https:\/\/rollambia-online.com\/wp-content\/uploads\/2026\/02\/rollambia-bnr-mob.webp\" class=\"w-100 d-none d-md-block d-lg-none main-banner-img\" alt=\"rollambia-bnr-mob\" fetchpriority=\"high\" decoding=\"async\"><img src=\"https:\/\/rollambia-online.com\/wp-content\/uploads\/2026\/02\/rollambia-bnr-mob.webp\" class=\"w-100 d-md-none\" alt=\"rollambia-bnr-mob\" fetchpriority=\"high\" decoding=\"async\"><div class=\"banner-description\">\n<div class=\"banner-title\">Bonusy powitalne<\/div>\n<p class=\"banner-header-title\">1500 \u20ac<\/p>\n<div class=\"banner-header-AdditionalText\">+ 250 Darmowe spiny<\/div>\n<button data-item=\"homepage_banner_link\" class=\"goto m-button m-gradient-border m-button--primary m-button--large banner-button btn-orange\">\n            <div class=\"m-button-content\">\n                <span>Zarejestruj si\u0119 teraz<\/span>\n                <span><\/span>\n            <\/div>\n        <\/button>\n<\/div>\n<div class=\"WelcomePack\">\n<p><img loading=\"lazy\" decoding=\"async\" class=\"alignnone size-full wp-image-1921\" src=\"https:\/\/rollambia-online.com\/wp-content\/uploads\/2026\/02\/welcome-crown.png\" alt=\"welcome-crown\" width=\"25\" height=\"26\" \/><\/p>\n<div class=\"WelcomePack-Info\">Cotygodniowy zwrot got\u00f3wki do 25%<\/div>\n<p><img loading=\"lazy\" decoding=\"async\" class=\"alignnone size-full wp-image-1921\" src=\"https:\/\/rollambia-online.com\/wp-content\/uploads\/2026\/02\/welcome-crown.png\" alt=\"welcome-crown\" width=\"25\" height=\"26\" \/><\/p>\n<\/div>\n<\/div>\n<h2>Rollambia w Twojej kieszeni<\/h2>\n<p>Dzi\u0119ki aplikacji Rollambia mo\u017cesz gra\u0107 bez konieczno\u015bci korzystania z komputera. Wystarczy telefon i stabilne po\u0142\u0105czenie internetowe. Aplikacja zapewnia dost\u0119p do ponad 6000 gier z r\u00f3\u017cnych kategorii, a wi\u0119kszo\u015b\u0107 tytu\u0142\u00f3w dzia\u0142a p\u0142ynnie zar\u00f3wno na systemie Android, jak i iOS.<\/p>\n<p>Mo\u017cesz r\u00f3wnie\u017c obs\u0142ugiwa\u0107 codzienne czynno\u015bci zwi\u0105zane z kontem bezpo\u015brednio z telefonu kom\u00f3rkowego:<\/p>\n<ul>\n<li>przegl\u0105daj gry i szybko prze\u0142\u0105czaj si\u0119 mi\u0119dzy kategoriami,<\/li>\n<li>korzystaj z kasjera do wp\u0142at i wyp\u0142at,<\/li>\n<li>sprawd\u017a promocje i turnieje,<\/li>\n<li>zarz\u0105dzaj ustawieniami swojego konta.<\/li>\n<\/ul>\n<p>Twoja aktywno\u015b\u0107 jest synchronizowana mi\u0119dzy urz\u0105dzeniami. Je\u015bli zalogujesz si\u0119 na to samo konto Rollambia na komputerze stacjonarnym i urz\u0105dzeniu mobilnym, platforma zachowa sp\u00f3jno\u015b\u0107 Twojego profilu i post\u0119p\u00f3w, dzi\u0119ki czemu mo\u017cesz prze\u0142\u0105cza\u0107 si\u0119 mi\u0119dzy urz\u0105dzeniami bez konieczno\u015bci rozpoczynania od nowa.<\/p>\n<p>Je\u015bli co\u015b nie dzia\u0142a zgodnie z oczekiwaniami, pomoc techniczna jest dost\u0119pna 24 godziny na dob\u0119, 7 dni w tygodniu. Mo\u017cesz skontaktowa\u0107 si\u0119 z zespo\u0142em z poziomu aplikacji za po\u015brednictwem czatu na \u017cywo lub poczty elektronicznej.<\/p>\n<p><div class=\"scrollable-content-wrap my-5\"><div class=\"scrollable-content-inner\"><h2>Aplikacja Rollambia na iOS<\/h2>\n<p>Je\u015bli korzystasz z iPhone&#8217;a lub iPada, nadal mo\u017cesz zainstalowa\u0107 Rollambia, ale proces ten wygl\u0105da nieco inaczej. Zasady App Store cz\u0119sto ograniczaj\u0105 bezpo\u015bredni\u0105 dystrybucj\u0119 aplikacji kasynowych, dlatego Rollambia zapewnia dost\u0119p poprzez wersj\u0119 PWA na swojej stronie internetowej. Platforma regularnie j\u0105 testuje, aby zapewni\u0107 jej stabilno\u015b\u0107 podczas aktualizacji systemu iOS.<\/p>\n<p>Wersja na iOS obejmuje te same podstawowe funkcje, co wersja na komputery stacjonarne: gry, promocje, turnieje, p\u0142atno\u015bci i dzia\u0142ania zwi\u0105zane z kontem. W razie potrzeby mo\u017cna r\u00f3wnie\u017c zarejestrowa\u0107 si\u0119 i przej\u015b\u0107 proces weryfikacji bezpo\u015brednio z telefonu kom\u00f3rkowego.<\/p>\n<table>\n<tbody>\n<tr>\n<td>Krok<\/td>\n<td>Szczeg\u00f3\u0142y<\/td>\n<\/tr>\n<tr>\n<td>Otw\u00f3rz aplikacj\u0119 \u201eSkr\u00f3t\u201d.<\/td>\n<td>Aplikacja powinna zosta\u0107 automatycznie zainstalowana na Twoim urz\u0105dzeniu.<\/td>\n<\/tr>\n<tr>\n<td>Kliknij ikon\u0119 \u201e+\u201d, aby utworzy\u0107 nowy skr\u00f3t.<\/td>\n<td>Ikona znajduje si\u0119 w prawym g\u00f3rnym rogu strony g\u0142\u00f3wnej.<\/td>\n<\/tr>\n<tr>\n<td>Naci\u015bnij \u201eDodaj akcj\u0119\u201d.<\/td>\n<td>Teraz nale\u017cy wyszuka\u0107 stron\u0119 internetow\u0105 Rollambia, dla kt\u00f3rej chcesz utworzy\u0107 skr\u00f3t.<\/td>\n<\/tr>\n<tr>\n<td>Kliknij przycisk obok nazwy skr\u00f3tu i wybierz opcj\u0119 \u201eDodaj do ekranu g\u0142\u00f3wnego\u201d.<\/td>\n<td>Przycisk ma kszta\u0142t strza\u0142ki skierowanej w d\u00f3\u0142.<\/td>\n<\/tr>\n<tr>\n<td>Naci\u015bnij \u201eDodaj\u201d.<\/td>\n<td>Przed wykonaniem tej czynno\u015bci mo\u017cna zmieni\u0107 nazw\u0119 ikony, je\u015bli jest taka potrzeba.<\/td>\n<\/tr>\n<\/tbody>\n<\/table>\n<p><img loading=\"lazy\" decoding=\"async\" class=\"alignnone size-large wp-image-1947\" src=\"https:\/\/rollambia-online.com\/wp-content\/uploads\/2026\/02\/Rollambia-iOS-1024x440.webp\" alt=\"Rollambia iOS\" width=\"1248\" height=\"536\" srcset=\"https:\/\/rollambia-online.com\/wp-content\/uploads\/2026\/02\/Rollambia-iOS-1024x440.webp 1024w, https:\/\/rollambia-online.com\/wp-content\/uploads\/2026\/02\/Rollambia-iOS-300x129.webp 300w, https:\/\/rollambia-online.com\/wp-content\/uploads\/2026\/02\/Rollambia-iOS-768x330.webp 768w, https:\/\/rollambia-online.com\/wp-content\/uploads\/2026\/02\/Rollambia-iOS.webp 1248w\" sizes=\"auto, (max-width: 1248px) 100vw, 1248px\" \/><\/p>\n<\/div><\/div><div style=\"clear: both\"><\/div><div class=\"d-flex justify-content-center\"><button data-item=\"decouvrez_link\" data-group=\"website_links\" class=\"goto fw-bold rounded-pill btn btn-orange\" aria-label=\"Pobierz aplikacj\u0119 Rollambia\" >Pobierz aplikacj\u0119 Rollambia<\/button><\/div><div class=\"scrollable-content-wrap my-5\"><div class=\"scrollable-content-inner\"><h2>Aplikacja Rollambia Casino na Androida<\/h2>\n<p>U\u017cytkownicy Androida mog\u0105 zawsze otworzy\u0107 Rollambia za pomoc\u0105 dowolnej przegl\u0105darki mobilnej, ale opcja aplikacji sprawia, \u017ce dost\u0119p jest bardziej bezpo\u015bredni. Rollambia wykorzystuje podej\u015bcie progresywnej aplikacji internetowej (PWA), co oznacza, \u017ce instalujesz j\u0105 z oficjalnej strony bez konieczno\u015bci zajmowania si\u0119 nieznanymi plikami APK lub dodatkowymi plikami do pobrania z zewn\u0119trznych \u017ar\u00f3de\u0142.<\/p>\n<p>Aplikacja na Androida dzia\u0142a na wi\u0119kszo\u015bci nowoczesnych urz\u0105dze\u0144 i jest przystosowana do obs\u0142ugi dotykowej. Za pomoc\u0105 tego samego interfejsu mo\u017cna gra\u0107 w gry, korzysta\u0107 z bonus\u00f3w, bra\u0107 udzia\u0142 w turniejach i zarz\u0105dza\u0107 p\u0142atno\u015bciami.<\/p>\n<table>\n<tbody>\n<tr>\n<td>Krok<\/td>\n<td>Szczeg\u00f3\u0142y<\/td>\n<\/tr>\n<tr>\n<td>Odwied\u017a nasz\u0105 oficjaln\u0105 stron\u0119 internetow\u0105.<\/td>\n<td>Zalecamy pobieranie aplikacji wy\u0142\u0105cznie z oficjalnej strony internetowej, aby unikn\u0105\u0107 oszustw.<\/td>\n<\/tr>\n<tr>\n<td>Kliknij przycisk \u201eAplikacja kasyna\u201d w stopce strony.<\/td>\n<td>Znajduje si\u0119 on na samym ko\u0144cu strony g\u0142\u00f3wnej. Instalacja rozpocznie si\u0119 automatycznie i potrwa nie d\u0142u\u017cej ni\u017c kilka minut.<\/td>\n<\/tr>\n<tr>\n<td>Ikona Rollambia Casino znajduje si\u0119 na ekranie g\u0142\u00f3wnym.<\/td>\n<td>Teraz mo\u017cesz si\u0119 zalogowa\u0107 lub utworzy\u0107 nowe konto i zacz\u0105\u0107 cieszy\u0107 si\u0119 gr\u0105.<\/td>\n<\/tr>\n<\/tbody>\n<\/table>\n<p><img loading=\"lazy\" decoding=\"async\" class=\"alignnone size-large wp-image-1955\" src=\"https:\/\/rollambia-online.com\/wp-content\/uploads\/2026\/02\/Rollambia-Android-1024x440.webp\" alt=\"Rollambia Android\" width=\"1248\" height=\"536\" srcset=\"https:\/\/rollambia-online.com\/wp-content\/uploads\/2026\/02\/Rollambia-Android-1024x440.webp 1024w, https:\/\/rollambia-online.com\/wp-content\/uploads\/2026\/02\/Rollambia-Android-300x129.webp 300w, https:\/\/rollambia-online.com\/wp-content\/uploads\/2026\/02\/Rollambia-Android-768x330.webp 768w, https:\/\/rollambia-online.com\/wp-content\/uploads\/2026\/02\/Rollambia-Android.webp 1248w\" sizes=\"auto, (max-width: 1248px) 100vw, 1248px\" \/><\/p>\n<\/div><\/div><div style=\"clear: both\"><\/div><div class=\"d-flex justify-content-center\"><button data-item=\"decouvrez_link\" data-group=\"website_links\" class=\"goto fw-bold rounded-pill btn btn-orange\" aria-label=\"Pobierz aplikacj\u0119 Rollambia\" >Pobierz aplikacj\u0119 Rollambia<\/button><\/div><div class=\"scrollable-content-wrap my-5\"><div class=\"scrollable-content-inner\"><h2>Aplikacje komputerowe dla system\u00f3w Windows i macOS<\/h2>\n<p>Niekt\u00f3rzy gracze nadal preferuj\u0105 wi\u0119kszy ekran w domu i jest to zrozumia\u0142e \u2014 \u0142atwiej jest \u015bledzi\u0107 szczeg\u00f3\u0142y, zw\u0142aszcza w grach na \u017cywo. Z Rollambii mo\u017cna zawsze korzysta\u0107 w ka\u017cdej nowoczesnej przegl\u0105darce.<\/p>\n<p>Dla tych, kt\u00f3rzy preferuj\u0105 bardziej \u201eaplikacyjne\u201d rozwi\u0105zanie na komputerze, Rollambia oferuje r\u00f3wnie\u017c wersje desktopowe dla system\u00f3w Windows i macOS. Zazwyczaj otwieraj\u0105 si\u0119 one szybciej ni\u017c zak\u0142adka przegl\u0105darki i mog\u0105 wysy\u0142a\u0107 powiadomienia push o aktualizacjach lub aktywno\u015bci na koncie, w zale\u017cno\u015bci od ustawie\u0144 u\u017cytkownika. Zestaw funkcji pozostaje taki sam \u2014 po prostu jest dost\u0119pny w bardziej dedykowanym formacie.<\/p>\n<p><img loading=\"lazy\" decoding=\"async\" class=\"alignnone size-large wp-image-1963\" src=\"https:\/\/rollambia-online.com\/wp-content\/uploads\/2026\/02\/Rollambia-Desktop-1024x440.webp\" alt=\"Rollambia Desktop\" width=\"1248\" height=\"536\" srcset=\"https:\/\/rollambia-online.com\/wp-content\/uploads\/2026\/02\/Rollambia-Desktop-1024x440.webp 1024w, https:\/\/rollambia-online.com\/wp-content\/uploads\/2026\/02\/Rollambia-Desktop-300x129.webp 300w, https:\/\/rollambia-online.com\/wp-content\/uploads\/2026\/02\/Rollambia-Desktop-768x330.webp 768w, https:\/\/rollambia-online.com\/wp-content\/uploads\/2026\/02\/Rollambia-Desktop.webp 1248w\" sizes=\"auto, (max-width: 1248px) 100vw, 1248px\" \/><\/p>\n<\/div><\/div><div style=\"clear: both\"><\/div><div class=\"d-flex justify-content-center\"><button data-item=\"decouvrez_link\" data-group=\"website_links\" class=\"goto fw-bold rounded-pill btn btn-orange\" aria-label=\"Pobierz aplikacj\u0119 Rollambia\" >Pobierz aplikacj\u0119 Rollambia<\/button><\/div><div class=\"scrollable-content-wrap my-5\"><div class=\"scrollable-content-inner\"><h2>FAQ<\/h2>\n<h3>Czy aplikacja Rollambia obejmuje obs\u0142ug\u0119 klienta?<\/h3>\n<p>Tak. Mo\u017cesz skontaktowa\u0107 si\u0119 z pomoc\u0105 techniczn\u0105 za po\u015brednictwem czatu na \u017cywo w aplikacji, a je\u015bli chcesz co\u015b szczeg\u00f3\u0142owo wyja\u015bni\u0107, mo\u017cesz te\u017c wys\u0142a\u0107 e-mail.<\/p>\n<h3>Czy potrzebuj\u0119 konta, aby korzysta\u0107 z aplikacji?<\/h3>\n<p>Niekt\u00f3re sekcje mo\u017cna przegl\u0105da\u0107 bez rejestracji, ale aby korzysta\u0107 z pe\u0142nych funkcji, takich jak wp\u0142aty i gra na prawdziwe pieni\u0105dze, konieczne jest posiadanie konta.<\/p>\n<h3>Czy wszystkie gry s\u0105 dost\u0119pne w aplikacji?<\/h3>\n<p>Wersja mobilna zawiera pe\u0142ny katalog (ponad 6000 gier), w tym automaty, gry sto\u0142owe i tytu\u0142y z krupierem na \u017cywo. Interfejs dostosowuje si\u0119 do telefon\u00f3w i tablet\u00f3w.<\/p>\n<h3>Jak dzia\u0142aj\u0105 aktualizacje?<\/h3>\n<p>Wi\u0119kszo\u015b\u0107 aktualizacji odbywa si\u0119 automatycznie, zw\u0142aszcza w przypadku wersji PWA. Je\u015bli platforma wprowadzi istotn\u0105 zmian\u0119, Rollambia mo\u017ce wy\u015bwietli\u0107 monit o od\u015bwie\u017cenie lub ponown\u0105 instalacj\u0119 z oficjalnej strony internetowej.<\/p>\n<\/div><\/div><\/p>\n","protected":false},"excerpt":{"rendered":"<p>Aplikacja Rollambia Gaming Rollambia oferuje aplikacj\u0119 mobiln\u0105 na systemy Android i iOS, poniewa\u017c wielu graczy woli mie\u0107 wszystko w swoim telefonie. Idea jest prosta: szybki dost\u0119p, te same podstawowe funkcje co na komputerze stacjonarnym oraz interfejs dostosowany do mniejszego ekranu. Biblioteka gier dostosowuje si\u0119 do nowoczesnych urz\u0105dze\u0144, wi\u0119c nie musisz martwi\u0107 si\u0119 o niewygodne skalowanie [&hellip;]<\/p>\n","protected":false},"author":1,"featured_media":0,"parent":0,"menu_order":0,"comment_status":"closed","ping_status":"closed","template":"template-builder.php","meta":{"_acf_changed":false,"inline_featured_image":false,"footnotes":""},"class_list":["post-1447","page","type-page","status-publish","hentry"],"acf":[],"yoast_head":"<!-- This site is optimized with the Yoast SEO plugin v27.3 - https:\/\/yoast.com\/product\/yoast-seo-wordpress\/ -->\n<title>Pobierz Rollambia aplikacj\u0119 | iOS i Android<\/title>\n<meta name=\"description\" content=\"Aplikacja Rollambia zapewnia p\u0142ynn\u0105 rozgrywk\u0119 na platformach Android, iOS, Windows i macOS, a tak\u017ce synchronizacj\u0119 kont, regularne aktualizacje i wbudowan\u0105 pomoc techniczn\u0105 dla u\u017cytkownik\u00f3w.\" \/>\n<meta name=\"robots\" content=\"index, follow, max-snippet:-1, max-image-preview:large, max-video-preview:-1\" \/>\n<link rel=\"canonical\" href=\"https:\/\/rollambia-online.com\/pl\/aplikacja\/\" \/>\n<meta property=\"og:locale\" content=\"pl_PL\" \/>\n<meta property=\"og:type\" content=\"article\" \/>\n<meta property=\"og:title\" content=\"Pobierz Rollambia aplikacj\u0119 | iOS i Android\" \/>\n<meta property=\"og:description\" content=\"Aplikacja Rollambia zapewnia p\u0142ynn\u0105 rozgrywk\u0119 na platformach Android, iOS, Windows i macOS, a tak\u017ce synchronizacj\u0119 kont, regularne aktualizacje i wbudowan\u0105 pomoc techniczn\u0105 dla u\u017cytkownik\u00f3w.\" \/>\n<meta property=\"og:url\" content=\"https:\/\/rollambia-online.com\/pl\/aplikacja\/\" \/>\n<meta property=\"og:site_name\" content=\"rollambia\" \/>\n<meta property=\"article:modified_time\" content=\"2026-02-25T11:05:55+00:00\" \/>\n<meta name=\"twitter:card\" content=\"summary_large_image\" \/>\n<meta name=\"twitter:label1\" content=\"Est. reading time\" \/>\n\t<meta name=\"twitter:data1\" content=\"1 minute\" \/>\n<script type=\"application\/ld+json\" class=\"yoast-schema-graph\">{\"@context\":\"https:\\\/\\\/schema.org\",\"@graph\":[{\"@type\":\"WebPage\",\"@id\":\"https:\\\/\\\/rollambia-online.com\\\/pl\\\/aplikacja\\\/\",\"url\":\"https:\\\/\\\/rollambia-online.com\\\/pl\\\/aplikacja\\\/\",\"name\":\"Pobierz Rollambia aplikacj\u0119 | iOS i Android\",\"isPartOf\":{\"@id\":\"https:\\\/\\\/rollambia-online.com\\\/pl\\\/#website\"},\"datePublished\":\"2026-01-20T12:08:23+00:00\",\"dateModified\":\"2026-02-25T11:05:55+00:00\",\"description\":\"Aplikacja Rollambia zapewnia p\u0142ynn\u0105 rozgrywk\u0119 na platformach Android, iOS, Windows i macOS, a tak\u017ce synchronizacj\u0119 kont, regularne aktualizacje i wbudowan\u0105 pomoc techniczn\u0105 dla u\u017cytkownik\u00f3w.\",\"breadcrumb\":{\"@id\":\"https:\\\/\\\/rollambia-online.com\\\/pl\\\/aplikacja\\\/#breadcrumb\"},\"inLanguage\":\"pl-PL\",\"potentialAction\":[{\"@type\":\"ReadAction\",\"target\":[\"https:\\\/\\\/rollambia-online.com\\\/pl\\\/aplikacja\\\/\"]}]},{\"@type\":\"BreadcrumbList\",\"@id\":\"https:\\\/\\\/rollambia-online.com\\\/pl\\\/aplikacja\\\/#breadcrumb\",\"itemListElement\":[{\"@type\":\"ListItem\",\"position\":1,\"name\":\"Rollambia\",\"item\":\"https:\\\/\\\/rollambia-online.com\\\/pl\\\/\"},{\"@type\":\"ListItem\",\"position\":2,\"name\":\"Aplikacja\"}]},{\"@type\":\"WebSite\",\"@id\":\"https:\\\/\\\/rollambia-online.com\\\/pl\\\/#website\",\"url\":\"https:\\\/\\\/rollambia-online.com\\\/pl\\\/\",\"name\":\"Rollambia\",\"description\":\"\",\"publisher\":{\"@id\":\"https:\\\/\\\/rollambia-online.com\\\/pl\\\/#organization\"},\"potentialAction\":[{\"@type\":\"SearchAction\",\"target\":{\"@type\":\"EntryPoint\",\"urlTemplate\":\"https:\\\/\\\/rollambia-online.com\\\/pl\\\/?s={search_term_string}\"},\"query-input\":{\"@type\":\"PropertyValueSpecification\",\"valueRequired\":true,\"valueName\":\"search_term_string\"}}],\"inLanguage\":\"pl-PL\"},{\"@type\":\"Organization\",\"@id\":\"https:\\\/\\\/rollambia-online.com\\\/pl\\\/#organization\",\"name\":\"Rollambia\",\"url\":\"https:\\\/\\\/rollambia-online.com\\\/pl\\\/\",\"logo\":{\"@type\":\"ImageObject\",\"inLanguage\":\"pl-PL\",\"@id\":\"https:\\\/\\\/rollambia-online.com\\\/pl\\\/#\\\/schema\\\/logo\\\/image\\\/\",\"url\":\"https:\\\/\\\/rollambia-online.com\\\/wp-content\\\/uploads\\\/2026\\\/02\\\/cropped-logo-e1771933026442.png\",\"contentUrl\":\"https:\\\/\\\/rollambia-online.com\\\/wp-content\\\/uploads\\\/2026\\\/02\\\/cropped-logo-e1771933026442.png\",\"width\":209,\"height\":43,\"caption\":\"Rollambia\"},\"image\":{\"@id\":\"https:\\\/\\\/rollambia-online.com\\\/pl\\\/#\\\/schema\\\/logo\\\/image\\\/\"}}]}<\/script>\n<!-- \/ Yoast SEO plugin. -->","yoast_head_json":{"title":"Pobierz Rollambia aplikacj\u0119 | iOS i Android","description":"Aplikacja Rollambia zapewnia p\u0142ynn\u0105 rozgrywk\u0119 na platformach Android, iOS, Windows i macOS, a tak\u017ce synchronizacj\u0119 kont, regularne aktualizacje i wbudowan\u0105 pomoc techniczn\u0105 dla u\u017cytkownik\u00f3w.","robots":{"index":"index","follow":"follow","max-snippet":"max-snippet:-1","max-image-preview":"max-image-preview:large","max-video-preview":"max-video-preview:-1"},"canonical":"https:\/\/rollambia-online.com\/pl\/aplikacja\/","og_locale":"pl_PL","og_type":"article","og_title":"Pobierz Rollambia aplikacj\u0119 | iOS i Android","og_description":"Aplikacja Rollambia zapewnia p\u0142ynn\u0105 rozgrywk\u0119 na platformach Android, iOS, Windows i macOS, a tak\u017ce synchronizacj\u0119 kont, regularne aktualizacje i wbudowan\u0105 pomoc techniczn\u0105 dla u\u017cytkownik\u00f3w.","og_url":"https:\/\/rollambia-online.com\/pl\/aplikacja\/","og_site_name":"rollambia","article_modified_time":"2026-02-25T11:05:55+00:00","twitter_card":"summary_large_image","twitter_misc":{"Est. reading time":"1 minute"},"schema":{"@context":"https:\/\/schema.org","@graph":[{"@type":"WebPage","@id":"https:\/\/rollambia-online.com\/pl\/aplikacja\/","url":"https:\/\/rollambia-online.com\/pl\/aplikacja\/","name":"Pobierz Rollambia aplikacj\u0119 | iOS i Android","isPartOf":{"@id":"https:\/\/rollambia-online.com\/pl\/#website"},"datePublished":"2026-01-20T12:08:23+00:00","dateModified":"2026-02-25T11:05:55+00:00","description":"Aplikacja Rollambia zapewnia p\u0142ynn\u0105 rozgrywk\u0119 na platformach Android, iOS, Windows i macOS, a tak\u017ce synchronizacj\u0119 kont, regularne aktualizacje i wbudowan\u0105 pomoc techniczn\u0105 dla u\u017cytkownik\u00f3w.","breadcrumb":{"@id":"https:\/\/rollambia-online.com\/pl\/aplikacja\/#breadcrumb"},"inLanguage":"pl-PL","potentialAction":[{"@type":"ReadAction","target":["https:\/\/rollambia-online.com\/pl\/aplikacja\/"]}]},{"@type":"BreadcrumbList","@id":"https:\/\/rollambia-online.com\/pl\/aplikacja\/#breadcrumb","itemListElement":[{"@type":"ListItem","position":1,"name":"Rollambia","item":"https:\/\/rollambia-online.com\/pl\/"},{"@type":"ListItem","position":2,"name":"Aplikacja"}]},{"@type":"WebSite","@id":"https:\/\/rollambia-online.com\/pl\/#website","url":"https:\/\/rollambia-online.com\/pl\/","name":"Rollambia","description":"","publisher":{"@id":"https:\/\/rollambia-online.com\/pl\/#organization"},"potentialAction":[{"@type":"SearchAction","target":{"@type":"EntryPoint","urlTemplate":"https:\/\/rollambia-online.com\/pl\/?s={search_term_string}"},"query-input":{"@type":"PropertyValueSpecification","valueRequired":true,"valueName":"search_term_string"}}],"inLanguage":"pl-PL"},{"@type":"Organization","@id":"https:\/\/rollambia-online.com\/pl\/#organization","name":"Rollambia","url":"https:\/\/rollambia-online.com\/pl\/","logo":{"@type":"ImageObject","inLanguage":"pl-PL","@id":"https:\/\/rollambia-online.com\/pl\/#\/schema\/logo\/image\/","url":"https:\/\/rollambia-online.com\/wp-content\/uploads\/2026\/02\/cropped-logo-e1771933026442.png","contentUrl":"https:\/\/rollambia-online.com\/wp-content\/uploads\/2026\/02\/cropped-logo-e1771933026442.png","width":209,"height":43,"caption":"Rollambia"},"image":{"@id":"https:\/\/rollambia-online.com\/pl\/#\/schema\/logo\/image\/"}}]}},"_links":{"self":[{"href":"https:\/\/rollambia-online.com\/pl\/wp-json\/wp\/v2\/pages\/1447","targetHints":{"allow":["GET"]}}],"collection":[{"href":"https:\/\/rollambia-online.com\/pl\/wp-json\/wp\/v2\/pages"}],"about":[{"href":"https:\/\/rollambia-online.com\/pl\/wp-json\/wp\/v2\/types\/page"}],"author":[{"embeddable":true,"href":"https:\/\/rollambia-online.com\/pl\/wp-json\/wp\/v2\/users\/1"}],"replies":[{"embeddable":true,"href":"https:\/\/rollambia-online.com\/pl\/wp-json\/wp\/v2\/comments?post=1447"}],"version-history":[{"count":5,"href":"https:\/\/rollambia-online.com\/pl\/wp-json\/wp\/v2\/pages\/1447\/revisions"}],"predecessor-version":[{"id":2180,"href":"https:\/\/rollambia-online.com\/pl\/wp-json\/wp\/v2\/pages\/1447\/revisions\/2180"}],"wp:attachment":[{"href":"https:\/\/rollambia-online.com\/pl\/wp-json\/wp\/v2\/media?parent=1447"}],"curies":[{"name":"wp","href":"https:\/\/api.w.org\/{rel}","templated":true}]}}